{"id":14386,"date":"2023-11-16T13:08:01","date_gmt":"2023-11-16T12:08:01","guid":{"rendered":"https:\/?page_id=14386"},"modified":"2025-06-27T20:47:01","modified_gmt":"2025-06-27T18:47:01","slug":"politique-de-retour","status":"publish","type":"page","link":"https:\/\/homejardins.com\/index.php\/politique-de-retour\/","title":{"rendered":"Politique de retour et remboursement"},"content":{"rendered":"<h2 class=\"wp-block-heading\">Politique de retour et remboursement<\/h2><p class=\"has-black-color has-text-color has-link-color wp-elements-a3e4ebc42f43c2203e62dc161f13d860\">Le client, dispose d\u2019un d\u00e9lai de 30 jours ouvrables \u00e0 compter de la date de livraison de sa commande (date du bon de livraison faisant foi), pour exercer le droit de r\u00e9tractation de sa commande et retourner tout article ne lui convenant pas, dans son emballage d\u2019origine et en parfait \u00e9tat, propre \u00e0 sa commercialisation.<\/p><p class=\"has-black-color has-text-color has-link-color wp-elements-f1f20c161367e26fcfec63b2fb4fba61\">Notre adresse : 39 Rue Ch\u00e2teauneuf, 06000 Nice, France<\/p><p class=\"has-black-color has-text-color has-link-color wp-elements-6136a6cabeab82317f086066d2dd50cc\">Le client pourra demander l\u2019\u00e9change ou le remboursement de la commande qui interviendra dans un d\u00e9lai maximum de 14 jours ouvrables \u00e0 compter de la date \u00e0 laquelle le droit de r\u00e9tractation a \u00e9t\u00e9 exerc\u00e9, par ch\u00e8que libell\u00e9 \u00e0 l\u2019ordre du client. Si les marchandises sont retourn\u00e9es selon la volont\u00e9 du client, les frais de retour sont \u00e0 sa charge.<\/p><p><\/p>","protected":false},"excerpt":{"rendered":"<p>Politique de retour et remboursement Le client, dispose d\u2019un d\u00e9lai de 30 jours ouvrables \u00e0 compter de la date de<\/p>\n","protected":false},"author":1,"featured_media":0,"parent":0,"menu_order":0,"comment_status":"closed","ping_status":"closed","template":"","meta":{"footnotes":""},"class_list":["post-14386","page","type-page","status-publish","hentry"],"_links":{"self":[{"href":"https:\/\/homejardins.com\/index.php\/wp-json\/wp\/v2\/pages\/14386","targetHints":{"allow":["GET"]}}],"collection":[{"href":"https:\/\/homejardins.com\/index.php\/wp-json\/wp\/v2\/pages"}],"about":[{"href":"https:\/\/homejardins.com\/index.php\/wp-json\/wp\/v2\/types\/page"}],"author":[{"embeddable":true,"href":"https:\/\/homejardins.com\/index.php\/wp-json\/wp\/v2\/users\/1"}],"replies":[{"embeddable":true,"href":"https:\/\/homejardins.com\/index.php\/wp-json\/wp\/v2\/comments?post=14386"}],"version-history":[{"count":14,"href":"https:\/\/homejardins.com\/index.php\/wp-json\/wp\/v2\/pages\/14386\/revisions"}],"predecessor-version":[{"id":18263,"href":"https:\/\/homejardins.com\/index.php\/wp-json\/wp\/v2\/pages\/14386\/revisions\/18263"}],"wp:attachment":[{"href":"https:\/\/homejardins.com\/index.php\/wp-json\/wp\/v2\/media?parent=14386"}],"curies":[{"name":"wp","href":"https:\/\/api.w.org\/{rel}","templated":true}]}}