{"id":17880,"date":"2025-05-28T21:47:42","date_gmt":"2025-05-28T19:47:42","guid":{"rendered":"https:\/\/homejardins.com\/?post_type=product&#038;p=17880"},"modified":"2025-05-28T21:47:57","modified_gmt":"2025-05-28T19:47:57","slug":"karcher-k-7-nettoyeur-haute-pression-power-pression-180-bar","status":"publish","type":"product","link":"https:\/\/homejardins.com\/index.php\/produit\/karcher-k-7-nettoyeur-haute-pression-power-pression-180-bar\/","title":{"rendered":"K\u00e4rcher K 7 Nettoyeur haute pression  Power, Pression 180 bar"},"content":{"rendered":"<p>K\u00e4rcher Nettoyeur haute pression K 7 Power, Pression : 180 bar, D\u00e9bit : 600 l\/h, Superficie de Nettoyage : 60 m\u00b2\/h, Puissance : 3 000 W, avec pistolet, rotabuse, lance de pulv\u00e9risationSource d&rsquo;alimentation C\u00e2ble \u00e9lectrique<br \/>\nCouleur Noir et jaune<br \/>\nPression maximale 180 p\u00eane<br \/>\nPoids de l&rsquo;article 20 Kilogrammes<br \/>\nDimensions du produit 13L x 13l x 18H centim\u00e8tres<br \/>\nVolume du r\u00e9servoir 600 Litres<br \/>\nD\u00e9bit maximal 600 Litres par heure<\/p>\n<p>Style: Sans Kit Home<br \/>\nTaille: Power<\/p>\n<p>Contenu de la livraison : le kit comprend le nettoyeur haute pression K 7 Power de K\u00e4rcher, un pistolet avec Quick Connect, une lance Vario Power, une rotabuse DB 180<\/p>\n","protected":false},"excerpt":{"rendered":"<p>K\u00e4rcher Nettoyeur haute pression K 7 Power, Pression : 180 bar, D\u00e9bit : 600 l\/h, Superficie de Nettoyage : 60<\/p>\n","protected":false},"featured_media":17920,"template":"","meta":[],"product_brand":[],"product_cat":[259,260],"product_tag":[],"class_list":{"0":"post-17880","1":"product","2":"type-product","3":"status-publish","4":"has-post-thumbnail","6":"product_cat-maison-jardin","7":"product_cat-nettoyeur-haute-pression","9":"first","10":"instock","11":"taxable","12":"shipping-taxable","13":"purchasable","14":"product-type-simple"},"_links":{"self":[{"href":"https:\/\/homejardins.com\/index.php\/wp-json\/wp\/v2\/product\/17880","targetHints":{"allow":["GET"]}}],"collection":[{"href":"https:\/\/homejardins.com\/index.php\/wp-json\/wp\/v2\/product"}],"about":[{"href":"https:\/\/homejardins.com\/index.php\/wp-json\/wp\/v2\/types\/product"}],"version-history":[{"count":1,"href":"https:\/\/homejardins.com\/index.php\/wp-json\/wp\/v2\/product\/17880\/revisions"}],"predecessor-version":[{"id":17921,"href":"https:\/\/homejardins.com\/index.php\/wp-json\/wp\/v2\/product\/17880\/revisions\/17921"}],"wp:featuredmedia":[{"embeddable":true,"href":"https:\/\/homejardins.com\/index.php\/wp-json\/wp\/v2\/media\/17920"}],"wp:attachment":[{"href":"https:\/\/homejardins.com\/index.php\/wp-json\/wp\/v2\/media?parent=17880"}],"wp:term":[{"taxonomy":"product_brand","embeddable":true,"href":"https:\/\/homejardins.com\/index.php\/wp-json\/wp\/v2\/product_brand?post=17880"},{"taxonomy":"product_cat","embeddable":true,"href":"https:\/\/homejardins.com\/index.php\/wp-json\/wp\/v2\/product_cat?post=17880"},{"taxonomy":"product_tag","embeddable":true,"href":"https:\/\/homejardins.com\/index.php\/wp-json\/wp\/v2\/product_tag?post=17880"}],"curies":[{"name":"wp","href":"https:\/\/api.w.org\/{rel}","templated":true}]}}