{"id":17887,"date":"2025-05-28T21:47:43","date_gmt":"2025-05-28T19:47:43","guid":{"rendered":"https:\/\/homejardins.com\/?post_type=product&#038;p=17887"},"modified":"2025-05-28T22:19:14","modified_gmt":"2025-05-28T20:19:14","slug":"salon-de-jardin-4-pcs-avec-coussins-gris-resine-tressee","status":"publish","type":"product","link":"https:\/\/homejardins.com\/index.php\/produit\/salon-de-jardin-4-pcs-avec-coussins-gris-resine-tressee\/","title":{"rendered":"Salon de jardin 4 pcs avec coussins Gris R\u00e9sine tress\u00e9e"},"content":{"rendered":"<div class=\"row description\">\n<div class=\"col-12\">\n<div class=\"value content\">\n<p>Cet ensemble de salon de jardin est le compl\u00e9ment parfait de votre arri\u00e8re-cour, terrasse ou patio, offrant un espace confortable et accueillant pour discuter avec la famille et les amis ou simplement se d\u00e9tendre et profiter de l&rsquo;ext\u00e9rieur.<\/p>\n<p>&nbsp;<\/p>\n<ul>\n<li>Mat\u00e9riau durable : la r\u00e9sine tress\u00e9e, \u00e9galement connue sous le nom de poly rotin, est un mat\u00e9riau synth\u00e9tique solide et n\u00e9cessitant peu d&rsquo;entretien qui ressemble au rotin naturel. Elle est l\u00e9g\u00e8re, facile \u00e0 nettoyer et couramment utilis\u00e9e pour les meubles d&rsquo;ext\u00e9rieur en raison de sa durabilit\u00e9 et de ses propri\u00e9t\u00e9s de r\u00e9sistance aux intemp\u00e9ries.<\/li>\n<li>Cadre robuste et stable : le cadre en acier enduit de poudre est solide, stable, durable et r\u00e9sistant \u00e0 la corrosion et aux intemp\u00e9ries, ce qui garantit des performances durables.<\/li>\n<li>Pouf polyvalent : le tabouret est polyvalent, servant de repose-pieds confortable lorsque vous vous pr\u00e9lassez sur le canap\u00e9 ou de si\u00e8ge suppl\u00e9mentaire dans votre jardin.<\/li>\n<li>Conception modulaire : cet ensemble de meubles d&rsquo;ext\u00e9rieur a une conception modulaire, ce qui le rend compl\u00e8tement flexible et facile \u00e0 d\u00e9placer, afin que vous puissiez cr\u00e9er un agencement de meubles d&rsquo;ext\u00e9rieur personnalis\u00e9.<\/li>\n<li>Exp\u00e9rience d&rsquo;assise confortable : ce mobilier d&rsquo;ext\u00e9rieur, dot\u00e9 de coussins \u00e9pais, offre une exp\u00e9rience d&rsquo;assise confortable.<\/li>\n<\/ul>\n<p>&nbsp;<\/p>\n<p>Bon \u00e0 savoir :<\/p>\n<ul>\n<li>Pour que vos meubles d&rsquo;ext\u00e9rieur restent beaux, nous vous recommandons de les prot\u00e9ger avec une housse imperm\u00e9able.<\/li>\n<\/ul>\n<\/div>\n<\/div>\n<\/div>\n<div class=\"js-ecotax-extra-description \"><\/div>\n<div class=\"product-specifications details\">\n<h2 class=\"title heading-style--4\">Sp\u00e9cifications<\/h2>\n<div class=\"value content\">\n<ul>\n<li>Capacit\u00e9 de charge maximale (par si\u00e8ge) : 110 kg<\/li>\n<li>R\u00e9sistance aux UV<\/li>\n<li>Pieds r\u00e9glables<\/li>\n<li>Assemblage requis : oui<\/li>\n<li><strong>Canap\u00e9 d&rsquo;angle :<\/strong><\/li>\n<li>Couleur : gris<\/li>\n<li>Mat\u00e9riau : r\u00e9sine tress\u00e9e, acier enduit de poudre<\/li>\n<li>Dimensions : 63 x 63 x 57,5 cm (l x P x H)<\/li>\n<li>Dimension du si\u00e8ge : 55 x 55 cm (l x P)<\/li>\n<li>Hauteur du si\u00e8ge \u00e0 partir du sol : 31 cm<\/li>\n<li><strong>Canap\u00e9 central :<\/strong><\/li>\n<li>Couleur : gris<\/li>\n<li>Mat\u00e9riau : r\u00e9sine tress\u00e9e, acier enduit de poudre<\/li>\n<li>Dimensions : 63 x 63 x 57,5 cm (l x P x H)<\/li>\n<li>Taille du si\u00e8ge : 63 x 55 cm (l x P)<\/li>\n<li>Hauteur du si\u00e8ge \u00e0 partir du sol : 31 cm<\/li>\n<li><strong>Repose-pieds :<\/strong><\/li>\n<li>Couleur : gris<\/li>\n<li>Mat\u00e9riau : r\u00e9sine tress\u00e9e, acier enduit de poudre<\/li>\n<li>Dimensions : 55 x 55 x 31 cm (l x P x H)<\/li>\n<li><strong>Coussin :<\/strong><\/li>\n<li>Couleur : anthracite<\/li>\n<li>Mat\u00e9riau de la couverture : tissu (100 % polyester)<\/li>\n<li>Mat\u00e9riau de remplissage du coussin de si\u00e8ge : mousse<\/li>\n<li>Mat\u00e9riau de remplissage du coussin de dossier : fibre de coton<\/li>\n<li>Dimensions du coussin de si\u00e8ge : 55\/63 x 55 x 3 cm (l x P x \u00e9)<\/li>\n<li>Dimensions du coussin de dossier (L) : 68 x 37 cm (l x P)<\/li>\n<li>Dimensions du coussin de dossier (M) : 61 x 38 cm (l x P)<\/li>\n<li>Dimensions du coussin de dossier (S) : 46 x 38 cm (l x P)<\/li>\n<li><strong>La livraison contient :<\/strong><\/li>\n<li>2 x canap\u00e9 d&rsquo;angle<\/li>\n<li>1 x canap\u00e9 central<\/li>\n<li>1 x repose-pieds<\/li>\n<li>5 x coussin de dossier<\/li>\n<li>4 x coussin de si\u00e8ge<\/li>\n<\/ul>\n<\/div>\n<\/div>\n","protected":false},"excerpt":{"rendered":"<p>Cet ensemble de salon de jardin est le compl\u00e9ment parfait de votre arri\u00e8re-cour, terrasse ou patio, offrant un espace confortable<\/p>\n","protected":false},"featured_media":17961,"template":"","meta":[],"product_brand":[],"product_cat":[259,262],"product_tag":[],"class_list":{"0":"post-17887","1":"product","2":"type-product","3":"status-publish","4":"has-post-thumbnail","6":"product_cat-maison-jardin","7":"product_cat-salon-de-jardin","9":"first","10":"instock","11":"taxable","12":"shipping-taxable","13":"purchasable","14":"product-type-simple"},"_links":{"self":[{"href":"https:\/\/homejardins.com\/index.php\/wp-json\/wp\/v2\/product\/17887","targetHints":{"allow":["GET"]}}],"collection":[{"href":"https:\/\/homejardins.com\/index.php\/wp-json\/wp\/v2\/product"}],"about":[{"href":"https:\/\/homejardins.com\/index.php\/wp-json\/wp\/v2\/types\/product"}],"version-history":[{"count":1,"href":"https:\/\/homejardins.com\/index.php\/wp-json\/wp\/v2\/product\/17887\/revisions"}],"predecessor-version":[{"id":17962,"href":"https:\/\/homejardins.com\/index.php\/wp-json\/wp\/v2\/product\/17887\/revisions\/17962"}],"wp:featuredmedia":[{"embeddable":true,"href":"https:\/\/homejardins.com\/index.php\/wp-json\/wp\/v2\/media\/17961"}],"wp:attachment":[{"href":"https:\/\/homejardins.com\/index.php\/wp-json\/wp\/v2\/media?parent=17887"}],"wp:term":[{"taxonomy":"product_brand","embeddable":true,"href":"https:\/\/homejardins.com\/index.php\/wp-json\/wp\/v2\/product_brand?post=17887"},{"taxonomy":"product_cat","embeddable":true,"href":"https:\/\/homejardins.com\/index.php\/wp-json\/wp\/v2\/product_cat?post=17887"},{"taxonomy":"product_tag","embeddable":true,"href":"https:\/\/homejardins.com\/index.php\/wp-json\/wp\/v2\/product_tag?post=17887"}],"curies":[{"name":"wp","href":"https:\/\/api.w.org\/{rel}","templated":true}]}}