{"id":17889,"date":"2025-05-28T21:47:43","date_gmt":"2025-05-28T19:47:43","guid":{"rendered":"https:\/\/homejardins.com\/?post_type=product&#038;p=17889"},"modified":"2025-05-28T22:19:32","modified_gmt":"2025-05-28T20:19:32","slug":"salon-de-jardin-9-pcs-avec-coussins-gris-clair-resine-tressee","status":"publish","type":"product","link":"https:\/\/homejardins.com\/index.php\/produit\/salon-de-jardin-9-pcs-avec-coussins-gris-clair-resine-tressee\/","title":{"rendered":"Salon de jardin 9 pcs avec coussins gris clair r\u00e9sine tress\u00e9e"},"content":{"rendered":"<div class=\"row description\">\n<div class=\"col-12\">\n<div class=\"value content\">\n<p>Cet ensemble de canap\u00e9s de jardin est le compl\u00e9ment parfait de votre arri\u00e8re-cour, terrasse ou patio, offrant un espace confortable et accueillant pour discuter avec la famille et les amis ou simplement se d\u00e9tendre et profiter de l&rsquo;ext\u00e9rieur.<\/p>\n<p>&nbsp;<\/p>\n<ul>\n<li>Mat\u00e9riau durable : la r\u00e9sine tress\u00e9e, \u00e9galement connue sous le nom de poly rotin, est un mat\u00e9riau synth\u00e9tique solide et n\u00e9cessitant peu d&rsquo;entretien qui ressemble au rotin naturel. Elle est l\u00e9g\u00e8re, facile \u00e0 nettoyer et couramment utilis\u00e9e pour les meubles d&rsquo;ext\u00e9rieur en raison de sa durabilit\u00e9 et de ses propri\u00e9t\u00e9s de r\u00e9sistance aux intemp\u00e9ries.<\/li>\n<li>Fonction de rangement avec sac r\u00e9sistant \u00e0 l&rsquo;eau : chaque si\u00e8ge de jardin dispose d&rsquo;un espace de rangement sous l&rsquo;assise, compl\u00e9t\u00e9 par un sac r\u00e9sistant \u00e0 l&rsquo;eau pour ranger les coussins, les jouets et d&rsquo;autres objets. Le sac int\u00e9rieur est dot\u00e9 d&rsquo;un couvercle et peut \u00eatre solidement fix\u00e9 au si\u00e8ge \u00e0 l&rsquo;aide de bandes auto-agrippantes pour plus de stabilit\u00e9.<\/li>\n<li>Dessus de table r\u00e9glable : le dessus de table peut \u00eatre soulev\u00e9 pour rendre la table plus haute, ce qui transforme la table d&rsquo;ext\u00e9rieur d&rsquo;une table basse \u00e0 une table de salle \u00e0 manger. Elle est parfaite pour recevoir des invit\u00e9s ou prendre des repas \u00e0 l&rsquo;ext\u00e9rieur.<\/li>\n<li>Housse amovible et lavable : ces coussins de si\u00e8ge sont dot\u00e9s de housses amovibles pour un lavage et un entretien faciles.<\/li>\n<li>Cadre robuste et stable : le cadre en acier enduit de poudre est solide, stable, durable et r\u00e9sistant \u00e0 la corrosion et aux intemp\u00e9ries, ce qui garantit des performances durables.<\/li>\n<\/ul>\n<p>&nbsp;<\/p>\n<p>Bon \u00e0 savoir :<\/p>\n<ul>\n<li>Pour que vos meubles d&rsquo;ext\u00e9rieur restent beaux, nous vous recommandons de les prot\u00e9ger avec une housse imperm\u00e9able.<\/li>\n<\/ul>\n<\/div>\n<\/div>\n<\/div>\n<div class=\"js-ecotax-extra-description\"><\/div>\n<div class=\"product-specifications details\">\n<h2 class=\"title heading-style--4\">Sp\u00e9cifications<\/h2>\n<div class=\"value content\">\n<ul>\n<li>Dimensions du sac r\u00e9sistant \u00e0 l&rsquo;eau : 55 x 53 x 34 cm (L x l x H)<\/li>\n<li>Capacit\u00e9 de charge maximale ( par si\u00e8ge ) : 110 kg<\/li>\n<li>R\u00e9sistance aux UV<\/li>\n<li>Pieds r\u00e9glables en plastique<\/li>\n<li>Assemblage requis : oui<\/li>\n<li><strong>Si\u00e8ge central :<\/strong><\/li>\n<li>Couleur : gris clair<\/li>\n<li>Mat\u00e9riau : r\u00e9sine tress\u00e9e, acier enduit de poudre<\/li>\n<li>Dimensions : 55 x 62 x 69 cm (l x P x H)<\/li>\n<li>Dimension du si\u00e8ge : 55 x 55 cm (l x P)<\/li>\n<li>Hauteur du si\u00e8ge \u00e0 partir du sol (sans coussin) : 37 cm<\/li>\n<li><strong>Si\u00e8ge d&rsquo;angle :<\/strong><\/li>\n<li>Couleur : gris clair<\/li>\n<li>Mat\u00e9riau : r\u00e9sine tress\u00e9e, acier enduit de poudre<\/li>\n<li>Dimensions : 62 x 62 x 69 cm (l x P x H)<\/li>\n<li>Dimension du si\u00e8ge : 55 x 55 cm (l x P)<\/li>\n<li>Hauteur du si\u00e8ge \u00e0 partir du sol (sans coussin) : 37 cm<\/li>\n<li><strong>Canap\u00e9 avec accoudoirs :<\/strong><\/li>\n<li>Couleur : gris clair<\/li>\n<li>Mat\u00e9riau : r\u00e9sine tress\u00e9e, acier enduit de poudre<\/li>\n<li>Dimensions : 71 x 62 x 69 cm (l x P x H)<\/li>\n<li>Dimension du si\u00e8ge : 55 x 55 cm (l x P)<\/li>\n<li>Hauteur du si\u00e8ge \u00e0 partir du sol (sans coussin) : 37 cm<\/li>\n<li>Hauteur des accoudoirs \u00e0 partir du sol : 55 cm<\/li>\n<li><strong>Table :<\/strong><\/li>\n<li>Couleur : gris clair<\/li>\n<li>Mat\u00e9riau : r\u00e9sine tress\u00e9e, acier enduit de poudre, verre tremp\u00e9<\/li>\n<li>Dimensions : 100 x 55 x 44\/73 cm (L x l x H)<\/li>\n<li><strong>Coussin :<\/strong><\/li>\n<li>Couleur : gris fonc\u00e9<\/li>\n<li>Mat\u00e9riau de la couverture : tissu (100 % polyester)<\/li>\n<li>Mat\u00e9riau de remplissage du coussin de si\u00e8ge : mousse<\/li>\n<li>Mat\u00e9riau de remplissage du coussin de dossier : fibre de coton<\/li>\n<li>Dimensions du coussin de si\u00e8ge : 55 x 55 x 3 cm (l x P x \u00e9)<\/li>\n<li>Dimensions du coussin de dossier : 55 x 45 x 13 cm (L x l x \u00e9)<\/li>\n<li><strong>La livraison contient :<\/strong><\/li>\n<li>3 x si\u00e8ge central incluant une fonction de rangement avec un sac r\u00e9sistant \u00e0 l&rsquo;eau<\/li>\n<li>1 x si\u00e8ge d&rsquo;angle avec fonction de rangement et sac r\u00e9sistant \u00e0 l&rsquo;eau<\/li>\n<li>4 x canap\u00e9 d&rsquo;accoudoir avec fonction de rangement et sac r\u00e9sistant \u00e0 l&rsquo;eau<\/li>\n<li>1 x table<\/li>\n<li>9 x coussin de dossier<\/li>\n<li>8 x coussin d&rsquo;assise avec housse amovible et lavable<\/li>\n<\/ul>\n<\/div>\n<\/div>\n","protected":false},"excerpt":{"rendered":"<p>Cet ensemble de canap\u00e9s de jardin est le compl\u00e9ment parfait de votre arri\u00e8re-cour, terrasse ou patio, offrant un espace confortable<\/p>\n","protected":false},"featured_media":17967,"template":"","meta":[],"product_brand":[],"product_cat":[259,262],"product_tag":[],"class_list":{"0":"post-17889","1":"product","2":"type-product","3":"status-publish","4":"has-post-thumbnail","6":"product_cat-maison-jardin","7":"product_cat-salon-de-jardin","9":"first","10":"instock","11":"taxable","12":"shipping-taxable","13":"purchasable","14":"product-type-simple"},"_links":{"self":[{"href":"https:\/\/homejardins.com\/index.php\/wp-json\/wp\/v2\/product\/17889","targetHints":{"allow":["GET"]}}],"collection":[{"href":"https:\/\/homejardins.com\/index.php\/wp-json\/wp\/v2\/product"}],"about":[{"href":"https:\/\/homejardins.com\/index.php\/wp-json\/wp\/v2\/types\/product"}],"version-history":[{"count":1,"href":"https:\/\/homejardins.com\/index.php\/wp-json\/wp\/v2\/product\/17889\/revisions"}],"predecessor-version":[{"id":17968,"href":"https:\/\/homejardins.com\/index.php\/wp-json\/wp\/v2\/product\/17889\/revisions\/17968"}],"wp:featuredmedia":[{"embeddable":true,"href":"https:\/\/homejardins.com\/index.php\/wp-json\/wp\/v2\/media\/17967"}],"wp:attachment":[{"href":"https:\/\/homejardins.com\/index.php\/wp-json\/wp\/v2\/media?parent=17889"}],"wp:term":[{"taxonomy":"product_brand","embeddable":true,"href":"https:\/\/homejardins.com\/index.php\/wp-json\/wp\/v2\/product_brand?post=17889"},{"taxonomy":"product_cat","embeddable":true,"href":"https:\/\/homejardins.com\/index.php\/wp-json\/wp\/v2\/product_cat?post=17889"},{"taxonomy":"product_tag","embeddable":true,"href":"https:\/\/homejardins.com\/index.php\/wp-json\/wp\/v2\/product_tag?post=17889"}],"curies":[{"name":"wp","href":"https:\/\/api.w.org\/{rel}","templated":true}]}}