{"id":17890,"date":"2025-05-28T21:47:43","date_gmt":"2025-05-28T19:47:43","guid":{"rendered":"https:\/\/homejardins.com\/?post_type=product&#038;p=17890"},"modified":"2025-05-28T22:19:40","modified_gmt":"2025-05-28T20:19:40","slug":"salon-de-jardin-4-pcs-bois-dacacia-solide","status":"publish","type":"product","link":"https:\/\/homejardins.com\/index.php\/produit\/salon-de-jardin-4-pcs-bois-dacacia-solide\/","title":{"rendered":"Salon de jardin 4 pcs Bois d&rsquo;acacia solide"},"content":{"rendered":"<div class=\"row description\">\n<div class=\"col-12\">\n<div class=\"value content\">\n<p>Cet ensemble de salon de jardin de 4 pi\u00e8ces offre un endroit parfait pour vous d\u00e9tendre et profiter du soleil dans le jardin ou sur le patio avec votre famille et vos amis.<\/p>\n<p>&nbsp;<\/p>\n<p>Gr\u00e2ce au mat\u00e9riau en bois d&rsquo;acacia massif, les chaises, le canap\u00e9 et la table basse pr\u00e9sentent tous une durabilit\u00e9 extr\u00eame ; ils conviennent donc \u00e0 une utilisation ext\u00e9rieure. Avec un design de corde distinctif, l&rsquo;ensemble de mobilier d&rsquo;ext\u00e9rieur sera un accroche-regard. De plus, ces meubles de jardin sont l\u00e9gers et faciles \u00e0 d\u00e9placer. Les coussins \u00e9paississement rembourr\u00e9s assurent votre confort d&rsquo;assise.<\/p>\n<p>&nbsp;<\/p>\n<p>La livraison comprend 2 chaises, 1 canap\u00e9 et 1 table basse.<\/p>\n<\/div>\n<\/div>\n<\/div>\n<div class=\"js-ecotax-extra-description \"><\/div>\n<section class=\"pros-and-cons \" aria-labelledby=\"pros-and-cons\">\n<h2 id=\"pros-and-cons\" class=\"pros-and-cons__title heading-style--4\">Avantages et inconv\u00e9nients<\/h2>\n<div class=\"pros-and-cons__content\">\n<p class=\"pros-and-cons-item__text\">Le bois d&rsquo;acacia est un bois dur tropical durable.<\/p>\n<p class=\"pros-and-cons-item__text\">Cet article est l\u00e9ger et simple \u00e0 d\u00e9placer<\/p>\n<p class=\"pros-and-cons-item__text\">Les coussins de si\u00e8ge sont inclus<\/p>\n<\/div>\n<\/section>\n<div class=\"product-specifications details\">\n<h2 class=\"title heading-style--4\">Sp\u00e9cifications<\/h2>\n<div class=\"value content\">\n<ul>\n<li>Couleur : couleur naturelle de bois + noir (corde)<\/li>\n<li>Mat\u00e9riau : bois d&rsquo;acacia massif + corde<\/li>\n<li>Mat\u00e9riau du coussin : 100 % polyester<\/li>\n<li>Dimensions de la table basse : 90 x 55 x 35 cm (L x I x H)<\/li>\n<li>Dimensions de la chaise : 65 x 65 x 60 cm (l x P x H)<\/li>\n<li>Dimensions du banc : 122 x 65 x 60 cm (l x P x H)<\/li>\n<li>Profondeur du si\u00e8ge : 63 cm<\/li>\n<li>Hauteur d&rsquo;assise : 30 cm<\/li>\n<li>Hauteur d&rsquo;assise (coussin compris) : 35 cm<\/li>\n<li>Dimensions du coussin de si\u00e8ge : 57 x 63 x 5 cm (L x l x \u00e9)<\/li>\n<li>Dimensions du coussin de dossier : 57 x 35 x 10 cm (L x l x \u00e9)<\/li>\n<li>Avec un design de corde distinctif<\/li>\n<li>La livraison comprend 2 chaises, 1 canap\u00e9 et 1 table basse<\/li>\n<\/ul>\n<\/div>\n<\/div>\n","protected":false},"excerpt":{"rendered":"<p>Cet ensemble de salon de jardin de 4 pi\u00e8ces offre un endroit parfait pour vous d\u00e9tendre et profiter du soleil<\/p>\n","protected":false},"featured_media":17970,"template":"","meta":[],"product_brand":[],"product_cat":[259,262],"product_tag":[],"class_list":{"0":"post-17890","1":"product","2":"type-product","3":"status-publish","4":"has-post-thumbnail","6":"product_cat-maison-jardin","7":"product_cat-salon-de-jardin","9":"first","10":"instock","11":"taxable","12":"shipping-taxable","13":"purchasable","14":"product-type-simple"},"_links":{"self":[{"href":"https:\/\/homejardins.com\/index.php\/wp-json\/wp\/v2\/product\/17890","targetHints":{"allow":["GET"]}}],"collection":[{"href":"https:\/\/homejardins.com\/index.php\/wp-json\/wp\/v2\/product"}],"about":[{"href":"https:\/\/homejardins.com\/index.php\/wp-json\/wp\/v2\/types\/product"}],"version-history":[{"count":1,"href":"https:\/\/homejardins.com\/index.php\/wp-json\/wp\/v2\/product\/17890\/revisions"}],"predecessor-version":[{"id":17971,"href":"https:\/\/homejardins.com\/index.php\/wp-json\/wp\/v2\/product\/17890\/revisions\/17971"}],"wp:featuredmedia":[{"embeddable":true,"href":"https:\/\/homejardins.com\/index.php\/wp-json\/wp\/v2\/media\/17970"}],"wp:attachment":[{"href":"https:\/\/homejardins.com\/index.php\/wp-json\/wp\/v2\/media?parent=17890"}],"wp:term":[{"taxonomy":"product_brand","embeddable":true,"href":"https:\/\/homejardins.com\/index.php\/wp-json\/wp\/v2\/product_brand?post=17890"},{"taxonomy":"product_cat","embeddable":true,"href":"https:\/\/homejardins.com\/index.php\/wp-json\/wp\/v2\/product_cat?post=17890"},{"taxonomy":"product_tag","embeddable":true,"href":"https:\/\/homejardins.com\/index.php\/wp-json\/wp\/v2\/product_tag?post=17890"}],"curies":[{"name":"wp","href":"https:\/\/api.w.org\/{rel}","templated":true}]}}