{"id":17891,"date":"2025-05-28T21:47:43","date_gmt":"2025-05-28T19:47:43","guid":{"rendered":"https:\/\/homejardins.com\/?post_type=product&#038;p=17891"},"modified":"2025-05-28T22:19:51","modified_gmt":"2025-05-28T20:19:51","slug":"salon-de-jardin-5-pcs-avec-coussins-resine-tressee-gris","status":"publish","type":"product","link":"https:\/\/homejardins.com\/index.php\/produit\/salon-de-jardin-5-pcs-avec-coussins-resine-tressee-gris\/","title":{"rendered":"Salon de jardin 5 pcs avec coussins r\u00e9sine tress\u00e9e gris"},"content":{"rendered":"<div class=\"row description\">\n<div class=\"col-12\">\n<div class=\"value content\">\n<p>Cet ensemble de canap\u00e9s et table de jardin en rotin sera un excellent suppl\u00e9ment \u00e0 votre espace de vie ext\u00e9rieur. Il ajoutera une touche d&rsquo;\u00e9l\u00e9gance \u00e0 votre patio, balcon ou jardin avec son design discret mais \u00e9l\u00e9gant.<\/p>\n<p>&nbsp;<\/p>\n<p>Fabriqu\u00e9 en r\u00e9sine tress\u00e9e r\u00e9sistante aux intemp\u00e9ries et imperm\u00e9able, l&rsquo;ensemble est facile \u00e0 nettoyer, r\u00e9sistant \u00e0 l&rsquo;usure et adapt\u00e9 \u00e0 un usage quotidien. Le cadre en acier enduit de poudre rend l&rsquo;ensemble tr\u00e8s robuste et durable. Gr\u00e2ce \u00e0 sa construction l\u00e9g\u00e8re, il est facile \u00e0 d\u00e9placer. Cet ensemble est livr\u00e9 avec des coussins d&rsquo;assise bien rembourr\u00e9s tr\u00e8s confortables. Les housses de coussin sont amovibles et lavables. De plus, cet ensemble est facile \u00e0 assembler.<\/p>\n<p>&nbsp;<\/p>\n<p>Remarque : nous vous recommandons de couvrir l&rsquo;ensemble pendant la pluie, la neige et le gel.<\/p>\n<\/div>\n<\/div>\n<\/div>\n<div class=\"js-ecotax-extra-description\"><\/div>\n<section class=\"pros-and-cons pros-and-cons--multiple-columns\" aria-labelledby=\"pros-and-cons\">\n<h2 id=\"pros-and-cons\" class=\"pros-and-cons__title heading-style--4\">Avantages et inconv\u00e9nients<\/h2>\n<p>Cet ensemble est dot\u00e9 de cadres en acier robustes avec un rev\u00eatement en poudre durable pour plus de stabilit\u00e9 lors d&rsquo;une utilisation quotidienne en ext\u00e9rieur<\/p>\n<p>Les coussins de si\u00e8ge sont inclus<\/p>\n<p>Cet article est durable et facile \u00e0 entretenir car il est fabriqu\u00e9 en rotin PE r\u00e9sistant aux intemp\u00e9ries<\/p>\n<p>Prot\u00e9ger avec une housse par temps humide et froid<\/p>\n<div class=\"pros-and-cons__content\"><\/div>\n<\/section>\n<div class=\"product-specifications details\">\n<h2 class=\"title heading-style--4\">Sp\u00e9cifications<\/h2>\n<div class=\"value content\">\n<ul>\n<li>Couleur : gris et gris fonc\u00e9 (coussin)<\/li>\n<li>Mat\u00e9riau : r\u00e9sine tress\u00e9e (poly\u00e9thyl\u00e8ne), acier enduit de poudre, verre<\/li>\n<li>Mat\u00e9riau de la housse du coussin : 100 % polyester<\/li>\n<li>Dimensions du canap\u00e9 \u00e0 3 places : 150 x 58 x 81 cm (L x l x H)<\/li>\n<li>Largeur du si\u00e8ge : 126 cm<\/li>\n<li>Dimensions du canap\u00e9 \u00e0 2 places : 101 x 58 x 81 cm (L x l x H)<\/li>\n<li>Largeur du si\u00e8ge : 86 cm<\/li>\n<li>Dimensions du fauteuil : 55 x 58 x 81 cm (L x l x H)<\/li>\n<li>Largeur du si\u00e8ge : 46 cm<\/li>\n<li>Profondeur du si\u00e8ge : 46 cm<\/li>\n<li>Hauteur du si\u00e8ge \u00e0 partir du sol (sans coussin) : 42 cm<\/li>\n<li>Hauteur des accoudoirs \u00e0 partir du sol : 62,5 cm<\/li>\n<li>Dimensions de la table basse : 60 x 40 x 36 cm (L x l x H)<\/li>\n<li>\u00c9paisseur du coussin : 4 cm<\/li>\n<li>Housses de coussin amovibles et lavables<\/li>\n<li>L&rsquo;assemblage est requis<\/li>\n<li><strong>La livraison contient :<\/strong><\/li>\n<li>1 x canap\u00e9 \u00e0 3 places<\/li>\n<li>1 x canap\u00e9 \u00e0 2 places<\/li>\n<li>2 x fauteuil<\/li>\n<li>1 x table basse<\/li>\n<li>4 x coussin de si\u00e8ge<\/li>\n<\/ul>\n<\/div>\n<\/div>\n","protected":false},"excerpt":{"rendered":"<p>Cet ensemble de canap\u00e9s et table de jardin en rotin sera un excellent suppl\u00e9ment \u00e0 votre espace de vie ext\u00e9rieur.<\/p>\n","protected":false},"featured_media":17975,"template":"","meta":[],"product_brand":[],"product_cat":[259,262],"product_tag":[],"class_list":{"0":"post-17891","1":"product","2":"type-product","3":"status-publish","4":"has-post-thumbnail","6":"product_cat-maison-jardin","7":"product_cat-salon-de-jardin","9":"first","10":"instock","11":"taxable","12":"shipping-taxable","13":"purchasable","14":"product-type-simple"},"_links":{"self":[{"href":"https:\/\/homejardins.com\/index.php\/wp-json\/wp\/v2\/product\/17891","targetHints":{"allow":["GET"]}}],"collection":[{"href":"https:\/\/homejardins.com\/index.php\/wp-json\/wp\/v2\/product"}],"about":[{"href":"https:\/\/homejardins.com\/index.php\/wp-json\/wp\/v2\/types\/product"}],"version-history":[{"count":1,"href":"https:\/\/homejardins.com\/index.php\/wp-json\/wp\/v2\/product\/17891\/revisions"}],"predecessor-version":[{"id":17976,"href":"https:\/\/homejardins.com\/index.php\/wp-json\/wp\/v2\/product\/17891\/revisions\/17976"}],"wp:featuredmedia":[{"embeddable":true,"href":"https:\/\/homejardins.com\/index.php\/wp-json\/wp\/v2\/media\/17975"}],"wp:attachment":[{"href":"https:\/\/homejardins.com\/index.php\/wp-json\/wp\/v2\/media?parent=17891"}],"wp:term":[{"taxonomy":"product_brand","embeddable":true,"href":"https:\/\/homejardins.com\/index.php\/wp-json\/wp\/v2\/product_brand?post=17891"},{"taxonomy":"product_cat","embeddable":true,"href":"https:\/\/homejardins.com\/index.php\/wp-json\/wp\/v2\/product_cat?post=17891"},{"taxonomy":"product_tag","embeddable":true,"href":"https:\/\/homejardins.com\/index.php\/wp-json\/wp\/v2\/product_tag?post=17891"}],"curies":[{"name":"wp","href":"https:\/\/api.w.org\/{rel}","templated":true}]}}