{"id":17892,"date":"2025-05-28T21:47:43","date_gmt":"2025-05-28T19:47:43","guid":{"rendered":"https:\/\/homejardins.com\/?post_type=product&#038;p=17892"},"modified":"2025-05-28T22:18:52","modified_gmt":"2025-05-28T20:18:52","slug":"piscine-metal-frame-ronde-457-x-122-m","status":"publish","type":"product","link":"https:\/\/homejardins.com\/index.php\/produit\/piscine-metal-frame-ronde-457-x-122-m\/","title":{"rendered":"Piscine Metal Frame ronde 4,57 x 1,22 m"},"content":{"rendered":"<h2>Baignez-vous tout l&rsquo;\u00e9t\u00e9 avec la piscine Metal Frame ronde de 4,57 m\u00e8tres !<\/h2>\n<p>Pour pr\u00e9parer les belles journ\u00e9es qui arrivent, pensez \u00e0 la\u00a0<strong>piscine ronde Metal Frame<\/strong>\u00a0et \u00e0 ses dimensions g\u00e9n\u00e9reuses. En moins d&rsquo;une heure, transformez facilement votre jardin en v\u00e9ritable oasis de fra\u00eecheur, pour le plus grand bonheur de toute votre famille. Imaginez-vous, profiter d&rsquo;apr\u00e8s-midis ensoleill\u00e9es \u00e0 jouer dans l&rsquo;eau avec vos enfants, depuis chez vous. Intex vous propose de maximiser le plaisir de la baignade avec cette\u00a0<strong>piscine hors sol<\/strong>\u00a0solide et durable, livr\u00e9e avec diff\u00e9rents accessoires pour filtrer votre eau et prot\u00e9ger votre bassin.<\/p>\n<h2>Amusement et bien-\u00eatre<\/h2>\n<p>Gr\u00e2ce \u00e0 ses\u00a0<strong>4,57 m\u00e8tres de diam\u00e8tre<\/strong>, cette\u00a0<strong>piscine Intex<\/strong>\u00a0offre un espace de baignade spacieux \u00e0 toute la famille. Pour vos jeux aquatiques, vos s\u00e9ances de relaxation, vos petits entra\u00eenements de natation ou vos sessions aquagym, trouvez l&rsquo;\u00e9quilibre parfait entre d\u00e9tente et activit\u00e9 physique. R\u00e9elle invitation au partage, profitez-en pour vous retrouver entre amis ou en famille et entendez les rires des enfants r\u00e9sonner dans la bonne humeur. La\u00a0<strong>piscine hors sol Metal Frame<\/strong>\u00a0deviendra vite le rendez-vous incontournable des journ\u00e9es d&rsquo;\u00e9t\u00e9.<\/p>\n<h2>Qualit\u00e9 et robustesse<\/h2>\n<p>La\u00a0<strong>piscine Metal Frame<\/strong>\u00a0offre une exp\u00e9rience de baignade incomparable, alliant confort et s\u00e9curit\u00e9. Avec ses tubes en m\u00e9tal robustes et son rev\u00eatement anti-rouille, elle est con\u00e7ue pour durer, vous garantissant des ann\u00e9es de plaisir en toute tranquillit\u00e9. Son liner triple \u00e9paisseur r\u00e9siste aux rigueurs du temps, aux rayures et autres dommages du quotidien, garantissant une solidit\u00e9 unique du bassin. Que ce soit pour des moments de d\u00e9tente ou des jeux en famille, cette\u00a0<strong>piscine tubulaire Intex<\/strong>\u00a0vous permet de profiter de l&rsquo;eau en toute s\u00e9curit\u00e9 et de transformer chaque \u00e9t\u00e9 en un souvenir m\u00e9morable.<\/p>\n<h2>Un kit d&rsquo;accessoires complet<\/h2>\n<p>Plusieurs accessoires sont fournis avec votre\u00a0<strong>piscine Metal Frame\u00a0<\/strong>pour vous garantir la meilleure exp\u00e9rience possible. Une<strong>\u00a0\u00e9chelle de s\u00e9curit\u00e9<\/strong>\u00a0vous permet de contr\u00f4ler l&rsquo;acc\u00e8s \u00e0 votre bassin pour la s\u00e9curit\u00e9 de tous, tandis qu&rsquo;une\u00a0<strong>b\u00e2che de piscine<\/strong>\u00a0et un\u00a0<strong>tapis de sol\u00a0<\/strong>vous apportent une protection suppl\u00e9mentaire. Pour faciliter l&rsquo;entretien de votre piscine, vous trouverez dans ce kit un\u00a0<strong>\u00e9purateur \u00e0 cartouche 2,7 m\u00b3\/h<\/strong>\u00a0qui vous permettra de garder une belle eau transparente sans impuret\u00e9s. C\u00f4t\u00e9 installation, rien de plus simple : il suffit de glisser les tubes dans le liner puis de remplir votre piscine d\u2019eau.<\/p>\n","protected":false},"excerpt":{"rendered":"<p>Pour pr\u00e9parer les belles journ\u00e9es qui arrivent, pensez \u00e0 la\u00a0piscine ronde Metal Frame\u00a0et \u00e0 ses dimensions g\u00e9n\u00e9reuses. En moins d&rsquo;une heure, transformez facilement votre jardin en v\u00e9ritable oasis de fra\u00eecheur, pour le plus grand bonheur de toute votre famille.<\/p>\n<p>Accessoires inclus:<\/p>\n<p>B\u00e2che de protection pour tubulaire diam\u00e8tre 4,57 m<br \/>\nTapis de sol pour piscine jusqu&rsquo;\u00e0 4,57 m<br \/>\nEchelle de s\u00e9curit\u00e9 1,22 m<br \/>\nEpurateur \u00e0 cartouche C1000 2,7m\u00b3\/h<\/p>\n","protected":false},"featured_media":17978,"template":"","meta":[],"product_brand":[],"product_cat":[259,263],"product_tag":[],"class_list":{"0":"post-17892","1":"product","2":"type-product","3":"status-publish","4":"has-post-thumbnail","6":"product_cat-maison-jardin","7":"product_cat-piscine","9":"first","10":"instock","11":"taxable","12":"shipping-taxable","13":"purchasable","14":"product-type-simple"},"_links":{"self":[{"href":"https:\/\/homejardins.com\/index.php\/wp-json\/wp\/v2\/product\/17892","targetHints":{"allow":["GET"]}}],"collection":[{"href":"https:\/\/homejardins.com\/index.php\/wp-json\/wp\/v2\/product"}],"about":[{"href":"https:\/\/homejardins.com\/index.php\/wp-json\/wp\/v2\/types\/product"}],"version-history":[{"count":1,"href":"https:\/\/homejardins.com\/index.php\/wp-json\/wp\/v2\/product\/17892\/revisions"}],"predecessor-version":[{"id":17979,"href":"https:\/\/homejardins.com\/index.php\/wp-json\/wp\/v2\/product\/17892\/revisions\/17979"}],"wp:featuredmedia":[{"embeddable":true,"href":"https:\/\/homejardins.com\/index.php\/wp-json\/wp\/v2\/media\/17978"}],"wp:attachment":[{"href":"https:\/\/homejardins.com\/index.php\/wp-json\/wp\/v2\/media?parent=17892"}],"wp:term":[{"taxonomy":"product_brand","embeddable":true,"href":"https:\/\/homejardins.com\/index.php\/wp-json\/wp\/v2\/product_brand?post=17892"},{"taxonomy":"product_cat","embeddable":true,"href":"https:\/\/homejardins.com\/index.php\/wp-json\/wp\/v2\/product_cat?post=17892"},{"taxonomy":"product_tag","embeddable":true,"href":"https:\/\/homejardins.com\/index.php\/wp-json\/wp\/v2\/product_tag?post=17892"}],"curies":[{"name":"wp","href":"https:\/\/api.w.org\/{rel}","templated":true}]}}