{"id":17985,"date":"2025-05-28T21:48:30","date_gmt":"2025-05-28T19:48:30","guid":{"rendered":"https:\/\/homejardins.com\/?post_type=product&#038;p=17985"},"modified":"2025-05-28T22:18:32","modified_gmt":"2025-05-28T20:18:32","slug":"piscine-hors-sol-acier-ovale-730-x-365-x-120-m-aspect-bois-canyon","status":"publish","type":"product","link":"https:\/\/homejardins.com\/index.php\/produit\/piscine-hors-sol-acier-ovale-730-x-365-x-120-m-aspect-bois-canyon\/","title":{"rendered":"Piscine hors sol acier ovale 7,30 x 3,65 x 1,20 m aspect bois CANYON"},"content":{"rendered":"<p>En \u00e9t\u00e9, tout le monde aime rassembler la famille ou les amis dans le jardin pour passer des dimanches chaleureux. Autour d\u2019un barbecue, on surveille de loin la bataille d\u2019eau qui distrait les enfants impatients de se baigner. Et quand le repas est termin\u00e9, tout le monde \u00e0 l\u2019eau pour les concours de natation, les chasses aux requins ou aux sir\u00e8nes\u00a0! On en profite pour apprendre les premiers mouvements aux plus jeunes avant les cours en bonne et due forme quand le calme sera revenu.<\/p>\n<p>Ces journ\u00e9es idylliques sont dor\u00e9navant accessibles \u00e0 tous gr\u00e2ce aux piscines hors sol. Faciles \u00e0 monter et \u00e0 entretenir, elles n\u00e9cessitent un terrassement moindre par rapport \u00e0 une piscine enterr\u00e9e et sont disponibles dans de nombreux formats r\u00e9duits ou tr\u00e8s g\u00e9n\u00e9reux. Les piscines rigides en acier sont tr\u00e8s r\u00e9sistantes et leurs aspects vari\u00e9s permettent une int\u00e9gration r\u00e9ussie dans la plupart des jardins.<\/p>\n","protected":false},"excerpt":{"rendered":"<p>En \u00e9t\u00e9, tout le monde aime rassembler la famille ou les amis dans le jardin pour passer des dimanches chaleureux.<\/p>\n","protected":false},"featured_media":17994,"template":"","meta":[],"product_brand":[],"product_cat":[259,263],"product_tag":[],"class_list":{"0":"post-17985","1":"product","2":"type-product","3":"status-publish","4":"has-post-thumbnail","6":"product_cat-maison-jardin","7":"product_cat-piscine","9":"first","10":"instock","11":"taxable","12":"shipping-taxable","13":"purchasable","14":"product-type-simple"},"_links":{"self":[{"href":"https:\/\/homejardins.com\/index.php\/wp-json\/wp\/v2\/product\/17985","targetHints":{"allow":["GET"]}}],"collection":[{"href":"https:\/\/homejardins.com\/index.php\/wp-json\/wp\/v2\/product"}],"about":[{"href":"https:\/\/homejardins.com\/index.php\/wp-json\/wp\/v2\/types\/product"}],"version-history":[{"count":1,"href":"https:\/\/homejardins.com\/index.php\/wp-json\/wp\/v2\/product\/17985\/revisions"}],"predecessor-version":[{"id":17995,"href":"https:\/\/homejardins.com\/index.php\/wp-json\/wp\/v2\/product\/17985\/revisions\/17995"}],"wp:featuredmedia":[{"embeddable":true,"href":"https:\/\/homejardins.com\/index.php\/wp-json\/wp\/v2\/media\/17994"}],"wp:attachment":[{"href":"https:\/\/homejardins.com\/index.php\/wp-json\/wp\/v2\/media?parent=17985"}],"wp:term":[{"taxonomy":"product_brand","embeddable":true,"href":"https:\/\/homejardins.com\/index.php\/wp-json\/wp\/v2\/product_brand?post=17985"},{"taxonomy":"product_cat","embeddable":true,"href":"https:\/\/homejardins.com\/index.php\/wp-json\/wp\/v2\/product_cat?post=17985"},{"taxonomy":"product_tag","embeddable":true,"href":"https:\/\/homejardins.com\/index.php\/wp-json\/wp\/v2\/product_tag?post=17985"}],"curies":[{"name":"wp","href":"https:\/\/api.w.org\/{rel}","templated":true}]}}