{"id":17987,"date":"2025-05-28T21:48:30","date_gmt":"2025-05-28T19:48:30","guid":{"rendered":"https:\/\/homejardins.com\/?post_type=product&#038;p=17987"},"modified":"2025-05-28T22:17:41","modified_gmt":"2025-05-28T20:17:41","slug":"piscine-bois-ubbink-sasha-490x355x130cm","status":"publish","type":"product","link":"https:\/\/homejardins.com\/index.php\/produit\/piscine-bois-ubbink-sasha-490x355x130cm\/","title":{"rendered":"Piscine bois UBBINK SASHA 490x355x130cm"},"content":{"rendered":"<table border=\"1\">\n<tbody>\n<tr>\n<td colspan=\"2\">\u00a0 D\u00e9tails technique r\u00e9sum\u00e9 :<\/td>\n<\/tr>\n<\/tbody>\n<\/table>\n<table border=\"1\">\n<tbody>\n<tr>\n<td><strong>Constructeur<\/strong><\/td>\n<td><strong>UBBINK anciennement NORTLAND<\/strong><\/td>\n<\/tr>\n<tr>\n<td><strong>Fabrication<\/strong><\/td>\n<td><strong>Europe<\/strong><\/td>\n<\/tr>\n<tr>\n<td><strong>Nom de la piscine<\/strong><\/td>\n<td><strong>Piscine Bois SASHA UBBINK Allong\u00e9e en Kit 490X355x130cm<\/strong><\/td>\n<\/tr>\n<tr>\n<td><strong>Structure<\/strong><\/td>\n<td><strong>Bois, pin du nord trait\u00e9 autoclave classe IV<br \/>\n<\/strong><\/td>\n<\/tr>\n<tr>\n<td><strong>Dimensions ext\u00e9rieures<\/strong><\/td>\n<td><strong>490 x 355 cm<\/strong><\/td>\n<\/tr>\n<tr>\n<td><strong>Dimensions int\u00e9rieures<\/strong><\/td>\n<td><strong>440 x 305cm<\/strong><\/td>\n<\/tr>\n<tr>\n<td><strong>Hauteur baignade<\/strong><\/td>\n<td><strong>126 cm<\/strong><\/td>\n<\/tr>\n<tr>\n<td><strong>Hauteur totale<\/strong><\/td>\n<td><strong>130 cm<\/strong><\/td>\n<\/tr>\n<tr>\n<td><strong>Volume d&rsquo;eau<\/strong><\/td>\n<td><strong>15 m3<\/strong><\/td>\n<\/tr>\n<tr>\n<td><strong>Surface de nage<\/strong><\/td>\n<td><strong>12 m2<\/strong><\/td>\n<\/tr>\n<tr>\n<td><strong>Surface au sol n\u00e9cessaire<\/strong><\/td>\n<td><strong>515 X 380 Cm = 18m2<br \/>\n<\/strong><\/td>\n<\/tr>\n<tr>\n<td><strong>Type d&rsquo;installation possible<\/strong><\/td>\n<td><strong>Hors-sol, semi-enterr\u00e9e, enterr\u00e9e<\/strong><\/td>\n<\/tr>\n<tr>\n<td><strong>Type de renfort<\/strong><\/td>\n<td><strong>1 Berceaux m\u00e9talliques \u00e0 r\u00e9server dans la dalle b\u00e9ton<\/strong><\/td>\n<\/tr>\n<tr>\n<td><strong>Epaisseur des madriers<\/strong><\/td>\n<td><strong>Epaisseur 45 mm avec double rainurage<\/strong><\/td>\n<\/tr>\n<tr>\n<td><strong>Largeur des margelles<\/strong><\/td>\n<td><strong>Double margelle (Sapin du Nord), 30 cm<\/strong><\/td>\n<\/tr>\n<tr>\n<td><strong>Epaisseur des margelles<\/strong><\/td>\n<td><strong>Double margelle, 27 mm<\/strong><\/td>\n<\/tr>\n<tr>\n<td><strong>Type de filtration<\/strong><\/td>\n<td><strong>Filtre \u00e0 sable D 400 (sable fourni) + Poolmax TP 50<\/strong><\/td>\n<\/tr>\n<tr>\n<td><strong>Puissance de la filtration<\/strong><\/td>\n<td><strong>6 m3\/H<\/strong><\/td>\n<\/tr>\n<tr>\n<td><strong>Pompe<\/strong><\/td>\n<td><strong>Amp\u00e9rage de la pompe 2.0 A<\/strong><\/p>\n<p><strong>Type de c\u00e2ble H05RN-F<\/strong><\/p>\n<p><strong>Protection doit \u00eatre de 30 mA<\/strong><\/p>\n<p><strong>Longueur de c\u00e2ble 1.5 m<\/strong><\/td>\n<\/tr>\n<tr>\n<td><strong>Vanne<\/strong><\/td>\n<td><strong>6 voies<\/strong><\/td>\n<\/tr>\n<tr>\n<td><strong>Echelle int\u00e9rieure<\/strong><\/td>\n<td><strong>Inox 3 marches<\/strong><\/td>\n<\/tr>\n<tr>\n<td><strong>Echelle ext\u00e9rieure<\/strong><\/td>\n<td><strong>Bois 4 marches amovibles (s\u00e9curit\u00e9 enfant)<\/strong><\/td>\n<\/tr>\n<tr>\n<td><strong>Liner<\/strong><\/td>\n<td><strong>75\/100 \u00e8me<\/strong><\/td>\n<\/tr>\n<tr>\n<td><strong>Coloris liner<\/strong><\/td>\n<td><strong>Bleu uni ou Beige<\/strong><\/td>\n<\/tr>\n<tr>\n<td><strong>Feutre de fond<br \/>\n<\/strong><\/td>\n<td><strong>Feutre de fond antibact\u00e9rien 200gr\/m\u00b2<br \/>\n<\/strong><\/td>\n<\/tr>\n<tr>\n<td><strong>Feutre de paroi<\/strong><\/td>\n<td><strong>Feutre de paroi 170 gr\/m\u00b2<\/strong><\/td>\n<\/tr>\n<tr>\n<td><strong>Finition<\/strong><\/td>\n<td><strong>Finition haut de gamme<\/strong><\/td>\n<\/tr>\n<tr>\n<td><strong>Sorties souple<\/strong><\/td>\n<td><strong>8 m de tuyau de diam\u00e8tre 38 mm<\/strong><\/td>\n<\/tr>\n<tr>\n<td><strong>Skimmer<\/strong><\/td>\n<td><strong>Oui 1 skimmer bouche large<\/strong><\/td>\n<\/tr>\n<tr>\n<td><strong>Accessoires conseill\u00e9s<\/strong><\/td>\n<td><strong>Coffret de filtration H120 cm, b\u00e2che de s\u00e9curit\u00e9, b\u00e2ches \u00e0 bulles, enrouleurs de b\u00e2ches \u00e0 bulles, aspirateur automatique.<\/strong><\/td>\n<\/tr>\n<tr>\n<td><strong>Particularit\u00e9s de montage<\/strong><\/td>\n<td><strong>Installation sur dalle b\u00e9ton obligatoire (\u00e9paisseur de la dalle 20cm d&rsquo;\u00e9paisseur minimum)<\/strong><\/p>\n<p><strong>Attention \u00e0 pr\u00e9voir une r\u00e9servation pour le berceau m\u00e9tallique<\/strong><\/td>\n<\/tr>\n<tr>\n<td><strong>Garantie<\/strong><\/td>\n<td><strong>Structure 15 ans<br \/>\n<\/strong>&nbsp;<\/p>\n<p><strong>Liner 10 ans sur soudure<\/strong><\/p>\n<p>&nbsp;<\/p>\n<p><strong>Filtration 2 ans<\/strong><\/p>\n<p>&nbsp;<\/p>\n<p><strong>Echelle et visserie 2 ans<\/strong><\/td>\n<\/tr>\n<\/tbody>\n<\/table>\n<table border=\"1\">\n<tbody>\n<tr>\n<td colspan=\"2\">\u00a0 Plan d&rsquo;implantation de votre piscine bois :<strong><br \/>\n<\/strong><\/td>\n<\/tr>\n<\/tbody>\n<\/table>\n<p><img fetchpriority=\"high\" decoding=\"async\" src=\"https:\/\/www.lekingstore.com\/media\/wysiwyg\/7504715_plan.jpg\" alt=\"\" width=\"710\" height=\"846\" \/><\/p>\n<p>&nbsp;<\/p>\n<table border=\"1\">\n<tbody>\n<tr>\n<td colspan=\"2\">\u00a0 Caract\u00e9ristiques du groupe de filtration :<strong><br \/>\n<\/strong><\/td>\n<\/tr>\n<\/tbody>\n<\/table>\n<p><strong>*Filter 400<\/strong><\/p>\n<p><strong><img decoding=\"async\" src=\"https:\/\/www.lekingstore.com\/media\/wysiwyg\/2019-07-10_105626.jpg\" alt=\"\" width=\"710px\" \/><\/strong><\/p>\n","protected":false},"excerpt":{"rendered":"<p>\u00a0 D\u00e9tails technique r\u00e9sum\u00e9 : Constructeur UBBINK anciennement NORTLAND Fabrication Europe Nom de la piscine Piscine Bois SASHA UBBINK Allong\u00e9e<\/p>\n","protected":false},"featured_media":18007,"template":"","meta":[],"product_brand":[],"product_cat":[259,263],"product_tag":[],"class_list":{"0":"post-17987","1":"product","2":"type-product","3":"status-publish","4":"has-post-thumbnail","6":"product_cat-maison-jardin","7":"product_cat-piscine","9":"first","10":"instock","11":"taxable","12":"shipping-taxable","13":"purchasable","14":"product-type-simple"},"_links":{"self":[{"href":"https:\/\/homejardins.com\/index.php\/wp-json\/wp\/v2\/product\/17987","targetHints":{"allow":["GET"]}}],"collection":[{"href":"https:\/\/homejardins.com\/index.php\/wp-json\/wp\/v2\/product"}],"about":[{"href":"https:\/\/homejardins.com\/index.php\/wp-json\/wp\/v2\/types\/product"}],"version-history":[{"count":1,"href":"https:\/\/homejardins.com\/index.php\/wp-json\/wp\/v2\/product\/17987\/revisions"}],"predecessor-version":[{"id":18008,"href":"https:\/\/homejardins.com\/index.php\/wp-json\/wp\/v2\/product\/17987\/revisions\/18008"}],"wp:featuredmedia":[{"embeddable":true,"href":"https:\/\/homejardins.com\/index.php\/wp-json\/wp\/v2\/media\/18007"}],"wp:attachment":[{"href":"https:\/\/homejardins.com\/index.php\/wp-json\/wp\/v2\/media?parent=17987"}],"wp:term":[{"taxonomy":"product_brand","embeddable":true,"href":"https:\/\/homejardins.com\/index.php\/wp-json\/wp\/v2\/product_brand?post=17987"},{"taxonomy":"product_cat","embeddable":true,"href":"https:\/\/homejardins.com\/index.php\/wp-json\/wp\/v2\/product_cat?post=17987"},{"taxonomy":"product_tag","embeddable":true,"href":"https:\/\/homejardins.com\/index.php\/wp-json\/wp\/v2\/product_tag?post=17987"}],"curies":[{"name":"wp","href":"https:\/\/api.w.org\/{rel}","templated":true}]}}