{"id":17988,"date":"2025-05-28T21:48:30","date_gmt":"2025-05-28T19:48:30","guid":{"rendered":"https:\/\/homejardins.com\/?post_type=product&#038;p=17988"},"modified":"2025-05-28T22:17:50","modified_gmt":"2025-05-28T20:17:50","slug":"piscine-bois-azura-rectangle-505-x-350-x-h-126-cm","status":"publish","type":"product","link":"https:\/\/homejardins.com\/index.php\/produit\/piscine-bois-azura-rectangle-505-x-350-x-h-126-cm\/","title":{"rendered":"Piscine bois Azura rectangle 505 x 350 x H.126 cm"},"content":{"rendered":"<p>La\u00a0<b>piscine rectangulaire en bois Ubbink Azura<\/b>, avec ses g\u00e9n\u00e9reuses dimensions de 505 x 350 x H.126 cm, est offerte en tant que kit complet. Ce kit inclut la structure, le syst\u00e8me de filtration, ainsi que tous les accessoires n\u00e9cessaires pour une installation facile et compl\u00e8te.<\/p>\n<p><b>&#8211; Structure en bois :<\/b>\u00a0Pin d&rsquo;Europe du nord avec traitement autoclave Classe IV<br \/>\n<b>&#8211; Dimensions ext\u00e9rieures :<\/b>\u00a05.05 x 3.50 m<br \/>\n<b>&#8211; Dimensions int\u00e9rieures :<\/b>\u00a04.55 x 3.00 m<br \/>\n<b>&#8211; Hauteur structure :<\/b>\u00a01.26 m<br \/>\n<b>&#8211; Surface de nage :<\/b>\u00a013.6 m\u00b2<br \/>\n<b>&#8211; Volume d&rsquo;eau :<\/b>\u00a015.8 m\u00b3<br \/>\n<b>&#8211; Filtration \u00e0 sable :\u00a0<\/b>D400 6 m\u00b3\/h<br \/>\n<b>&#8211; Liner :<\/b>\u00a075\/100 \u00e8me &#8211; Bleu<br \/>\n<b>&#8211; Renfort :<\/b>\u00a04 pieds m\u00e9talliques longs avec rev\u00eatements en bois<\/p>\n","protected":false},"excerpt":{"rendered":"<p>La\u00a0piscine rectangulaire en bois Ubbink Azura, avec ses g\u00e9n\u00e9reuses dimensions de 505 x 350 x H.126 cm, est offerte en<\/p>\n","protected":false},"featured_media":18013,"template":"","meta":[],"product_brand":[],"product_cat":[259,263],"product_tag":[],"class_list":{"0":"post-17988","1":"product","2":"type-product","3":"status-publish","4":"has-post-thumbnail","6":"product_cat-maison-jardin","7":"product_cat-piscine","9":"first","10":"instock","11":"taxable","12":"shipping-taxable","13":"purchasable","14":"product-type-simple"},"_links":{"self":[{"href":"https:\/\/homejardins.com\/index.php\/wp-json\/wp\/v2\/product\/17988","targetHints":{"allow":["GET"]}}],"collection":[{"href":"https:\/\/homejardins.com\/index.php\/wp-json\/wp\/v2\/product"}],"about":[{"href":"https:\/\/homejardins.com\/index.php\/wp-json\/wp\/v2\/types\/product"}],"version-history":[{"count":1,"href":"https:\/\/homejardins.com\/index.php\/wp-json\/wp\/v2\/product\/17988\/revisions"}],"predecessor-version":[{"id":18014,"href":"https:\/\/homejardins.com\/index.php\/wp-json\/wp\/v2\/product\/17988\/revisions\/18014"}],"wp:featuredmedia":[{"embeddable":true,"href":"https:\/\/homejardins.com\/index.php\/wp-json\/wp\/v2\/media\/18013"}],"wp:attachment":[{"href":"https:\/\/homejardins.com\/index.php\/wp-json\/wp\/v2\/media?parent=17988"}],"wp:term":[{"taxonomy":"product_brand","embeddable":true,"href":"https:\/\/homejardins.com\/index.php\/wp-json\/wp\/v2\/product_brand?post=17988"},{"taxonomy":"product_cat","embeddable":true,"href":"https:\/\/homejardins.com\/index.php\/wp-json\/wp\/v2\/product_cat?post=17988"},{"taxonomy":"product_tag","embeddable":true,"href":"https:\/\/homejardins.com\/index.php\/wp-json\/wp\/v2\/product_tag?post=17988"}],"curies":[{"name":"wp","href":"https:\/\/api.w.org\/{rel}","templated":true}]}}