{"id":17989,"date":"2025-05-28T21:48:30","date_gmt":"2025-05-28T19:48:30","guid":{"rendered":"https:\/\/homejardins.com\/?post_type=product&#038;p=17989"},"modified":"2025-05-28T22:18:00","modified_gmt":"2025-05-28T20:18:00","slug":"coffre-de-filtration-piscines-bois-gre","status":"publish","type":"product","link":"https:\/\/homejardins.com\/index.php\/produit\/coffre-de-filtration-piscines-bois-gre\/","title":{"rendered":"Coffre de filtration piscines bois Gre"},"content":{"rendered":"<p>Que vous poss\u00e9diez une piscine bois ou en projet d&rsquo;acquisition, l&#8217;emplacement de la filtration est essentiel. D\u00e9couvrez les\u00a0<b>coffres de filtration en bois Gre<\/b>, disponibles en\u00a0<b>3 hauteurs<\/b>.<\/p>\n<p><b>&#8211; Mod\u00e8le avec fond :<\/b>\u00a0\u00c0 installer \u00e0 l&rsquo;endroit de votre choix.<br \/>\n<b>&#8211; Disponibles en 3 hauteurs :\u00a0<\/b>118 cm, 131 cm et 143 cm, ces coffres offrent une solution esth\u00e9tique et fonctionnelle pour prot\u00e9ger votre syst\u00e8me de filtration.<\/p>\n","protected":false},"excerpt":{"rendered":"<p>Que vous poss\u00e9diez une piscine bois ou en projet d&rsquo;acquisition, l&#8217;emplacement de la filtration est essentiel. D\u00e9couvrez les\u00a0coffres de filtration<\/p>\n","protected":false},"featured_media":18018,"template":"","meta":[],"product_brand":[],"product_cat":[259,263],"product_tag":[],"class_list":{"0":"post-17989","1":"product","2":"type-product","3":"status-publish","4":"has-post-thumbnail","6":"product_cat-maison-jardin","7":"product_cat-piscine","9":"first","10":"instock","11":"taxable","12":"shipping-taxable","13":"purchasable","14":"product-type-simple"},"_links":{"self":[{"href":"https:\/\/homejardins.com\/index.php\/wp-json\/wp\/v2\/product\/17989","targetHints":{"allow":["GET"]}}],"collection":[{"href":"https:\/\/homejardins.com\/index.php\/wp-json\/wp\/v2\/product"}],"about":[{"href":"https:\/\/homejardins.com\/index.php\/wp-json\/wp\/v2\/types\/product"}],"version-history":[{"count":1,"href":"https:\/\/homejardins.com\/index.php\/wp-json\/wp\/v2\/product\/17989\/revisions"}],"predecessor-version":[{"id":18019,"href":"https:\/\/homejardins.com\/index.php\/wp-json\/wp\/v2\/product\/17989\/revisions\/18019"}],"wp:featuredmedia":[{"embeddable":true,"href":"https:\/\/homejardins.com\/index.php\/wp-json\/wp\/v2\/media\/18018"}],"wp:attachment":[{"href":"https:\/\/homejardins.com\/index.php\/wp-json\/wp\/v2\/media?parent=17989"}],"wp:term":[{"taxonomy":"product_brand","embeddable":true,"href":"https:\/\/homejardins.com\/index.php\/wp-json\/wp\/v2\/product_brand?post=17989"},{"taxonomy":"product_cat","embeddable":true,"href":"https:\/\/homejardins.com\/index.php\/wp-json\/wp\/v2\/product_cat?post=17989"},{"taxonomy":"product_tag","embeddable":true,"href":"https:\/\/homejardins.com\/index.php\/wp-json\/wp\/v2\/product_tag?post=17989"}],"curies":[{"name":"wp","href":"https:\/\/api.w.org\/{rel}","templated":true}]}}