{"id":17990,"date":"2025-05-28T21:48:30","date_gmt":"2025-05-28T19:48:30","guid":{"rendered":"https:\/\/homejardins.com\/?post_type=product&#038;p=17990"},"modified":"2025-05-28T22:18:07","modified_gmt":"2025-05-28T20:18:07","slug":"bache-hiver-pour-piscine-bois-gre","status":"publish","type":"product","link":"https:\/\/homejardins.com\/index.php\/produit\/bache-hiver-pour-piscine-bois-gre\/","title":{"rendered":"B\u00e2che hiver pour piscine bois Gre"},"content":{"rendered":"<p>\u00c9quipez votre piscine bois Gre d&rsquo;une b\u00e2che opaque Gr\u00e9 pour un hiver serein ! Non seulement elle est id\u00e9ale pour prot\u00e9ger et s\u00e9curiser votre bassin, mais aussi, elle vous facilitera la mise en route d\u00e8s les beaux jours ! Fabriqu\u00e9e en France, en PVC arm\u00e9 580g\/m\u00b2, chaque b\u00e2che est pr\u00e9d\u00e9coup\u00e9e en usine et s&rsquo;adapte au nom de son mod\u00e8le : Anise, Mint, Cardamon. La couverture Gr\u00e9 est bord\u00e9e sur les 4 c\u00f4t\u00e9s et poss\u00e8de des trous au centre pour \u00e9vacuer les eaux pluviales. Livr\u00e9e avec oeillets, sandow et crochets de fixation (vis non inclus). Coloris tendance gris<\/p>\n","protected":false},"excerpt":{"rendered":"<p>\u00c9quipez votre piscine bois Gre d&rsquo;une b\u00e2che opaque Gr\u00e9 pour un hiver serein ! Non seulement elle est id\u00e9ale pour<\/p>\n","protected":false},"featured_media":18024,"template":"","meta":[],"product_brand":[],"product_cat":[259,263],"product_tag":[],"class_list":{"0":"post-17990","1":"product","2":"type-product","3":"status-publish","4":"has-post-thumbnail","6":"product_cat-maison-jardin","7":"product_cat-piscine","9":"first","10":"instock","11":"taxable","12":"shipping-taxable","13":"purchasable","14":"product-type-simple"},"_links":{"self":[{"href":"https:\/\/homejardins.com\/index.php\/wp-json\/wp\/v2\/product\/17990","targetHints":{"allow":["GET"]}}],"collection":[{"href":"https:\/\/homejardins.com\/index.php\/wp-json\/wp\/v2\/product"}],"about":[{"href":"https:\/\/homejardins.com\/index.php\/wp-json\/wp\/v2\/types\/product"}],"version-history":[{"count":1,"href":"https:\/\/homejardins.com\/index.php\/wp-json\/wp\/v2\/product\/17990\/revisions"}],"predecessor-version":[{"id":18025,"href":"https:\/\/homejardins.com\/index.php\/wp-json\/wp\/v2\/product\/17990\/revisions\/18025"}],"wp:featuredmedia":[{"embeddable":true,"href":"https:\/\/homejardins.com\/index.php\/wp-json\/wp\/v2\/media\/18024"}],"wp:attachment":[{"href":"https:\/\/homejardins.com\/index.php\/wp-json\/wp\/v2\/media?parent=17990"}],"wp:term":[{"taxonomy":"product_brand","embeddable":true,"href":"https:\/\/homejardins.com\/index.php\/wp-json\/wp\/v2\/product_brand?post=17990"},{"taxonomy":"product_cat","embeddable":true,"href":"https:\/\/homejardins.com\/index.php\/wp-json\/wp\/v2\/product_cat?post=17990"},{"taxonomy":"product_tag","embeddable":true,"href":"https:\/\/homejardins.com\/index.php\/wp-json\/wp\/v2\/product_tag?post=17990"}],"curies":[{"name":"wp","href":"https:\/\/api.w.org\/{rel}","templated":true}]}}