{"id":17991,"date":"2025-05-28T21:48:30","date_gmt":"2025-05-28T19:48:30","guid":{"rendered":"https:\/\/homejardins.com\/?post_type=product&#038;p=17991"},"modified":"2025-05-28T22:18:24","modified_gmt":"2025-05-28T20:18:24","slug":"piscine-woodfirst-original-octo-allongee-656-x-456-x-130-cm","status":"publish","type":"product","link":"https:\/\/homejardins.com\/index.php\/produit\/piscine-woodfirst-original-octo-allongee-656-x-456-x-130-cm\/","title":{"rendered":"Piscine Woodfirst Original octo allong\u00e9e 656 X 456 X 130 cm"},"content":{"rendered":"<p>Le kit piscine bois Woodfirst Original est un kit pr\u00eat \u00e0 plonger que vous retrouverez exclusivement sur Piscine Center ! Il s&rsquo;installe rapidement et facilement gr\u00e2ce \u00e0 sa structure pr\u00e9fabriqu\u00e9e et son nouveau syst\u00e8me d&#8217;embo\u00eetement plat sur plat. Made in France, ce kit comprend une structure en autoclave classe IV, un \u00e9quipement haut de gamme complet, une filtration haute performance, un liner r\u00e9sistant jusqu&rsquo;en 85\/100 \u00e8me propos\u00e9 en 13 coloris. Installation hors-sol, semi-enterr\u00e9e ou enterr\u00e9e. Bien pens\u00e9 jusqu&rsquo;au moindre d\u00e9tail, ce kit vous fera profiter de grands moments de baignade et d&rsquo;un plaisir d&rsquo;une vue panoramique \u00e0 moindre co\u00fbt !<\/p>\n","protected":false},"excerpt":{"rendered":"<p>Le kit piscine bois Woodfirst Original est un kit pr\u00eat \u00e0 plonger que vous retrouverez exclusivement sur Piscine Center !<\/p>\n","protected":false},"featured_media":18027,"template":"","meta":[],"product_brand":[],"product_cat":[259,263],"product_tag":[],"class_list":{"0":"post-17991","1":"product","2":"type-product","3":"status-publish","4":"has-post-thumbnail","6":"product_cat-maison-jardin","7":"product_cat-piscine","9":"first","10":"instock","11":"taxable","12":"shipping-taxable","13":"purchasable","14":"product-type-simple"},"_links":{"self":[{"href":"https:\/\/homejardins.com\/index.php\/wp-json\/wp\/v2\/product\/17991","targetHints":{"allow":["GET"]}}],"collection":[{"href":"https:\/\/homejardins.com\/index.php\/wp-json\/wp\/v2\/product"}],"about":[{"href":"https:\/\/homejardins.com\/index.php\/wp-json\/wp\/v2\/types\/product"}],"version-history":[{"count":1,"href":"https:\/\/homejardins.com\/index.php\/wp-json\/wp\/v2\/product\/17991\/revisions"}],"predecessor-version":[{"id":18028,"href":"https:\/\/homejardins.com\/index.php\/wp-json\/wp\/v2\/product\/17991\/revisions\/18028"}],"wp:featuredmedia":[{"embeddable":true,"href":"https:\/\/homejardins.com\/index.php\/wp-json\/wp\/v2\/media\/18027"}],"wp:attachment":[{"href":"https:\/\/homejardins.com\/index.php\/wp-json\/wp\/v2\/media?parent=17991"}],"wp:term":[{"taxonomy":"product_brand","embeddable":true,"href":"https:\/\/homejardins.com\/index.php\/wp-json\/wp\/v2\/product_brand?post=17991"},{"taxonomy":"product_cat","embeddable":true,"href":"https:\/\/homejardins.com\/index.php\/wp-json\/wp\/v2\/product_cat?post=17991"},{"taxonomy":"product_tag","embeddable":true,"href":"https:\/\/homejardins.com\/index.php\/wp-json\/wp\/v2\/product_tag?post=17991"}],"curies":[{"name":"wp","href":"https:\/\/api.w.org\/{rel}","templated":true}]}}