{"id":17993,"date":"2025-05-28T21:48:30","date_gmt":"2025-05-28T19:48:30","guid":{"rendered":"https:\/\/homejardins.com\/?post_type=product&#038;p=17993"},"modified":"2025-05-28T22:17:07","modified_gmt":"2025-05-28T20:17:07","slug":"parasol-deporte-3x3m-et-4-dalles-a-remplir-gris-oviala","status":"publish","type":"product","link":"https:\/\/homejardins.com\/index.php\/produit\/parasol-deporte-3x3m-et-4-dalles-a-remplir-gris-oviala\/","title":{"rendered":"Parasol d\u00e9port\u00e9 3x3m et 4 dalles \u00e0 remplir gris oviala"},"content":{"rendered":"<p>Parasol d\u00e9port\u00e9 carr\u00e9 esth\u00e9tique 3&#215;3 m, et 2,5 m de hauteur, procure une large surface de 9 m\u00b2 d&rsquo;ombrage, id\u00e9al pour terrasse et jardin. Ce parasol excentr\u00e9 est tr\u00e8s solide gr\u00e2ce \u00e0 son m\u00e2t principal de 77mmx53mm de diam\u00e8tre et son m\u00e2t d\u00e9port\u00e9 26mmx45mm maintenu par 8 baleines. Ce parasol de jardin est tr\u00e8s r\u00e9sistant gr\u00e2ce \u00e0 sa structure 100 % en aluminium et sa toile 100 % polyester 250 g\/m\u00b2. Cette toile de parasol dispose d&rsquo;un traitement anti UV, est d\u00e9perlante et teint\u00e9e dans la masse pour \u00e9viter toute d\u00e9coloration&#8230; Inclus un lot de 4 dalles \u00e0 lester.<br \/>\nMati\u00e8re : Structure 100 % aluminium, finition peinture \u00e9poxy noire<br \/>\nToile 100 % polyester 250 g\/m\u00b2 avec enduit PVC<br \/>\nCroisillon du pied : 100 % acier<br \/>\nBaleines : 100 % aluminium<br \/>\nDalle en PEHD<\/p>\n<p>Caract\u00e9ristiques : Dimensions t\u00eate du parasol 3&#215;3 m<br \/>\nSurface d&rsquo;ombrage 9 m\u00b2<br \/>\nM\u00e2t principal : section ovale ultra robuste 77x53x\u00e9p. 2mm<br \/>\nM\u00e2t d\u00e9port\u00e9 26x45mm<br \/>\n8 baleines de 17x25mm<br \/>\n4 dalles : L.50xl.50xEp.7cm (2 kg l&rsquo;unit\u00e9)<br \/>\nCroisillon : L. 84xl. 84xH. 40cm (2,8 kg)<br \/>\nParasol : L. 3xl. 3 m H. 2 m 70 (21 kg)<\/p>\n<p>Plus produit : M\u00e2t principal ultra solide<br \/>\nS&rsquo;ouvre et se ferme facilement gr\u00e2ce \u00e0 une poign\u00e9e qui glisse le long du m\u00e2t central<br \/>\nToile imperm\u00e9able et trait\u00e9e anti UV pour \u00e9viter la d\u00e9coloration<br \/>\nCroisillon du pied fourni, ainsi que 4 dalles \u00e0 lester<br \/>\nLe montage se fait en quelques minutes, les outils sont fournis ainsi que la notice<\/p>\n","protected":false},"excerpt":{"rendered":"<p>Parasol d\u00e9port\u00e9 carr\u00e9 esth\u00e9tique 3&#215;3 m, et 2,5 m de hauteur, procure une large surface de 9 m\u00b2 d&rsquo;ombrage, id\u00e9al<\/p>\n","protected":false},"featured_media":18034,"template":"","meta":[],"product_brand":[],"product_cat":[259,265],"product_tag":[],"class_list":{"0":"post-17993","1":"product","2":"type-product","3":"status-publish","4":"has-post-thumbnail","6":"product_cat-maison-jardin","7":"product_cat-parasols","9":"first","10":"instock","11":"taxable","12":"shipping-taxable","13":"purchasable","14":"product-type-simple"},"_links":{"self":[{"href":"https:\/\/homejardins.com\/index.php\/wp-json\/wp\/v2\/product\/17993","targetHints":{"allow":["GET"]}}],"collection":[{"href":"https:\/\/homejardins.com\/index.php\/wp-json\/wp\/v2\/product"}],"about":[{"href":"https:\/\/homejardins.com\/index.php\/wp-json\/wp\/v2\/types\/product"}],"version-history":[{"count":1,"href":"https:\/\/homejardins.com\/index.php\/wp-json\/wp\/v2\/product\/17993\/revisions"}],"predecessor-version":[{"id":18035,"href":"https:\/\/homejardins.com\/index.php\/wp-json\/wp\/v2\/product\/17993\/revisions\/18035"}],"wp:featuredmedia":[{"embeddable":true,"href":"https:\/\/homejardins.com\/index.php\/wp-json\/wp\/v2\/media\/18034"}],"wp:attachment":[{"href":"https:\/\/homejardins.com\/index.php\/wp-json\/wp\/v2\/media?parent=17993"}],"wp:term":[{"taxonomy":"product_brand","embeddable":true,"href":"https:\/\/homejardins.com\/index.php\/wp-json\/wp\/v2\/product_brand?post=17993"},{"taxonomy":"product_cat","embeddable":true,"href":"https:\/\/homejardins.com\/index.php\/wp-json\/wp\/v2\/product_cat?post=17993"},{"taxonomy":"product_tag","embeddable":true,"href":"https:\/\/homejardins.com\/index.php\/wp-json\/wp\/v2\/product_tag?post=17993"}],"curies":[{"name":"wp","href":"https:\/\/api.w.org\/{rel}","templated":true}]}}