{"id":18157,"date":"2025-06-05T03:19:24","date_gmt":"2025-06-05T01:19:24","guid":{"rendered":"https:\/\/homejardins.com\/?post_type=product&#038;p=18157"},"modified":"2025-06-27T21:33:58","modified_gmt":"2025-06-27T19:33:58","slug":"spa-gonflable-intex-purespa-calacatta-4-places","status":"publish","type":"product","link":"https:\/\/homejardins.com\/index.php\/produit\/spa-gonflable-intex-purespa-calacatta-4-places\/","title":{"rendered":"Spa gonflable Intex PureSpa Calacatta 4 places"},"content":{"rendered":"<h3>Un massage \u00e0 domicile gr\u00e2ce au concept Dual Zone<\/h3>\n<p>Avec ce spa Calacatta, Intex diversifie un peu plus sa gamme.\u00a0 Le\u00a0<strong>design modern et chic<\/strong>\u00a0du marbre blanc fait de ce spa un objet de d\u00e9coration pour votre terrasse ou votre jardin.<\/p>\n<p>Il poss\u00e8de un fond en mousse pour \u00eatre parfaitement install\u00e9 et profiter de ses 140 bulles projet\u00e9es.<\/p>\n<p>L\u2019air des bulles est chauff\u00e9e par friction lorsqu\u2019elle fait son chemin du blower (pulseur d\u2019air) jusqu\u2019\u00e0 l\u2019eau afin de ne pas avoir de sensation de froid. La mont\u00e9e en temp\u00e9rature est rapide et peu aller jusqu&rsquo;\u00e0 40\u00b0C.<\/p>\n<p>Pour passer en mode massage, le spa Calacatta est \u00e9quip\u00e9 de 2 x 2 jets. Situ\u00e9s sur les parois des 2 c\u00f4t\u00e9s du spa, les jets arrivent en bas en haut du dos pour vous relaxer efficacement ! Vous pouvez choisir de les utiliser ou non selon vos envies.<\/p>\n<h3>Les dimensions parfaites pour accueillir jusqu&rsquo;\u00e0 4 personnes<\/h3>\n<ul>\n<li>Dimensions ext\u00e9rieures :\u00a0173 x 173 x 71 cm<\/li>\n<li>Dimensions int\u00e9rieures : 122 x 122 cm<\/li>\n<li>Les dimensions du bloc technique : 70 x 44 x 49 cm<\/li>\n<li>Volume : 795 litres<\/li>\n<\/ul>\n<h3>L&rsquo;\u00e9quipement du spa gonflable Intex Calacatta:<\/h3>\n<ul>\n<li>Une couverture verrouillable et r\u00e9sistante qui limitera la d\u00e9perdition de chaleur.<\/li>\n<li>Des poign\u00e9es r\u00e9sistantes pour un transport facile.<\/li>\n<li>Un sac de rangement pour l&rsquo;hivernage<\/li>\n<li>Un tapis de sol thermique pour prot\u00e9ger le spa<\/li>\n<li>3 cartouches de filtration<\/li>\n<li>Un bloc technique avec tablette tactile<\/li>\n<\/ul>\n<p>A noter :\u00a0<strong>INTEX ne fournit plus de manom\u00e8tre depuis l&rsquo;ann\u00e9e 2018<\/strong>\u00a0car les cuves gonflables int\u00e8grent d\u00e9sormais une valve de d\u00e9pressurisation capable de r\u00e9guler automatiquement la pression \u00e0 l&rsquo;int\u00e9rieur de la cuve. Cela limite fortement le risque de \u00ab\u00a0surpression\u00a0\u00bb de la cuve gonflable et en particulier lors des fortes chaleurs estivales.<\/p>\n<h3>Comment bien entretenir le spa Calacatta 4 places ?<\/h3>\n<ul>\n<li><strong>La filtration doit fonctionner TOUS LES JOURS<\/strong><\/li>\n<li>Vous avez le choix entre lancer la filtration \u00e0 l&rsquo;aide du timer (2\/4\/6h) ou programmer le chauffage et celui-ci lancera la filtration en continu.<\/li>\n<li>Pendant les grosses chaleurs estivales, filtrez en continue 24h\/24h car l&rsquo;eau peu vite tourner<\/li>\n<li>A noter : d\u00e8s que vous activez le chauffage, la filtration fonctionne en parall\u00e8le<\/li>\n<li>La cartouche doit \u00eatre nettoy\u00e9e 1 \u00e0 2 fois par semaine et remplac\u00e9e par une neuve tous les 15 jours<\/li>\n<li>1 fois par semaine, testez le pH et le taux de chlore avec des bandelettes test<\/li>\n<li>Le pH de l&rsquo;eau doit toujours se situer entre 7.0 et 7.4 pour le confort de baignade et l&rsquo;\u00e9fficacit\u00e9 des produits d&rsquo;entretien<\/li>\n<li>Ajustez si besoin le pH avec\u00a0du pH- ou pH+ (10 grammes pour varier de 0,1)<\/li>\n<li><strong>3,5 kg de sel pour piscine (avec ou sans stabilisant) sont n\u00e9cessaires au remplissage<\/strong><\/li>\n<li>Activez les diffuseurs \u00e0 bulles pour bien diluer le sel<\/li>\n<li>Si le code E91 appara\u00eet \u00e0 l&rsquo;\u00e9cran, c&rsquo;est qu&rsquo;il n&rsquo;y a pas assez de sel<\/li>\n<li><strong>La st\u00e9rilisation\u00a0au sel doit fonctionner\u00a0<\/strong><strong>chaque jour<\/strong>\u00a0: 5h si le taux de chlore est bas (Moins de 1,8mg\/L) et 3h s&rsquo;il est sup\u00e9rieur \u00e0 ce taux<\/li>\n<li><strong>En cas d&rsquo;absence sup\u00e9rieure \u00e0 6 jours sans filtration, videz l&rsquo;eau<\/strong><\/li>\n<li>L&rsquo;eau doit \u00eatre chang\u00e9e tous les 30 \u00e0 40 jours<\/li>\n<\/ul>\n<p><strong>Ce spa est \u00e9quip\u00e9 d&rsquo;un\u00a0syst\u00e8me d\u2019\u00e9lectrolyse qui permet de ne pas avoir \u00e0 utiliser de produits chimiques<\/strong>\u00a0l\u2019eau \u00e9tant trait\u00e9 par la cr\u00e9ation de chlore naturel \u00e0 partir de sel.<\/p>\n<p>&nbsp;<\/p>\n<h3>Un spa gonflable luxueux et massant avec le Calacatta d&rsquo;Intex<\/h3>\n<p>Le\u00a0<strong>Pure Spa Calacatta<\/strong> est un mod\u00e8le 2023 de la marque Intex. Les spas carr\u00e9s d&rsquo;Intex sont des valeurs s\u00fbres, avec Calacatta la marque d\u00e9voile un design luxueux rappelant le marbre blanc de type Calacatta extrait de Carrare en Italie.<\/p>\n<p>Ce spa Calacatta propose une forme moderne. Il se dif\u00e9rencie du spa Carbone, qui lui n&rsquo;est pas v\u00e9ritablement carr\u00e9 mais octogonal. Il vous fera profiter d&rsquo;un bain chaud et agr\u00e9able avec ses bulles ou massant avec ses jets.<\/p>\n<p>Ses caract\u00e9ristiques sont :<\/p>\n<ul>\n<li>4 places assises<\/li>\n<li>Une forme carr\u00e9e<\/li>\n<li><strong>Un design chic et moderne avec un motif marbre blanc Calacatta<\/strong><\/li>\n<li><strong>Une application Wi-Fi pour g\u00e9rer le spa \u00e0 distance<\/strong><\/li>\n<li>140 diffuseurs de bulles<\/li>\n<li>Jets massants Dual Zone : 2 jets sur 2 zones du spa<\/li>\n<li>Un gonflage et un d\u00e9gonflage tr\u00e8s rapide gr\u00e2ce \u00e0 un syst\u00e8me int\u00e9gr\u00e9 au bloc technique<\/li>\n<li>D\u00e9bit de filtration 1,7m<sup>3<\/sup>\/h<\/li>\n<li>St\u00e9rilisateur au sel int\u00e9gr\u00e9<\/li>\n<li>Des accessoires suppl\u00e9mentaires \u00e0 savoir 3<strong>\u00a0cartouches de filtration, b\u00e2che v\u00e9rouillable et tapis de sol, sac de rangement<\/strong><\/li>\n<\/ul>\n<p><img fetchpriority=\"high\" decoding=\"async\" class=\"size-medium wp-image-18145 aligncenter\" src=\"https:\/\/homejardins.com\/wp-content\/uploads\/2025\/06\/app-wifi-spa-400x203.webp\" alt=\"\" width=\"400\" height=\"203\" srcset=\"https:\/\/homejardins.com\/wp-content\/uploads\/2025\/06\/app-wifi-spa-400x203.webp 400w, https:\/\/homejardins.com\/wp-content\/uploads\/2025\/06\/app-wifi-spa-768x389.webp 768w, https:\/\/homejardins.com\/wp-content\/uploads\/2025\/06\/app-wifi-spa-430x218.webp 430w, https:\/\/homejardins.com\/wp-content\/uploads\/2025\/06\/app-wifi-spa-700x354.webp 700w, https:\/\/homejardins.com\/wp-content\/uploads\/2025\/06\/app-wifi-spa-150x76.webp 150w, https:\/\/homejardins.com\/wp-content\/uploads\/2025\/06\/app-wifi-spa.webp 800w\" sizes=\"(max-width: 400px) 100vw, 400px\" \/><\/p>\n<div class=\"box-title\">\n<h2>Caract\u00e9ristiques spa gonflable intex purespa calacatta 4 places<\/h2>\n<\/div>\n<table id=\"product-attribute-specs-table\" class=\"data-table\" cellspacing=\"3\">\n<tbody>\n<tr class=\"first odd\">\n<td class=\"label\">R\u00e9f\u00e9rence<\/td>\n<td class=\"data last\">28464EX<\/td>\n<\/tr>\n<tr class=\"even\">\n<td class=\"label\">Marque<\/td>\n<td class=\"data last\">INTEX<\/td>\n<\/tr>\n<tr class=\"odd\">\n<td class=\"label\">Garantie<\/td>\n<td class=\"data last\">3 ans<\/td>\n<\/tr>\n<tr class=\"even\">\n<td class=\"label\">Poids brut (kg)<\/td>\n<td class=\"data last\">66.70<\/td>\n<\/tr>\n<tr class=\"odd\">\n<td class=\"label\">Couleur<\/td>\n<td class=\"data last\">Blanc<\/td>\n<\/tr>\n<tr class=\"even\">\n<td class=\"label\">Nombre de places<\/td>\n<td class=\"data last\">4 places<\/td>\n<\/tr>\n<tr class=\"odd\">\n<td class=\"label\">Dimensions ext\u00e9rieures<\/td>\n<td class=\"data last\">173 x 173 x 71 cm<\/td>\n<\/tr>\n<tr class=\"even\">\n<td class=\"label\">Dimensions int\u00e9rieures<\/td>\n<td class=\"data last\">122 x 122<\/td>\n<\/tr>\n<tr class=\"odd\">\n<td class=\"label\">Volume d&rsquo;eau<\/td>\n<td class=\"data last\">795 litres<\/td>\n<\/tr>\n<tr class=\"even\">\n<td class=\"label\">D\u00e9bit filtration<\/td>\n<td class=\"data last\">1,7 m3\/h<\/td>\n<\/tr>\n<tr class=\"odd\">\n<td class=\"label\">Diffuseurs \u00e0 bulles<\/td>\n<td class=\"data last\">140<\/td>\n<\/tr>\n<tr class=\"even\">\n<td class=\"label\">Jets massant<\/td>\n<td class=\"data last\">4<\/td>\n<\/tr>\n<tr class=\"odd\">\n<td class=\"label\">Programmable<\/td>\n<td class=\"data last\">Oui<\/td>\n<\/tr>\n<tr class=\"even\">\n<td class=\"label\">St\u00e9rilisateur sel<\/td>\n<td class=\"data last\">Oui<\/td>\n<\/tr>\n<tr class=\"odd\">\n<td class=\"label\">Accessoires inclus<\/td>\n<td class=\"data last\">3 cartouches, Couverture, Sac de rangement, Tapis de sol<\/td>\n<\/tr>\n<tr class=\"even\">\n<td class=\"label\">Temps de montage<\/td>\n<td class=\"data last\">45 min<\/td>\n<\/tr>\n<tr class=\"odd\">\n<td class=\"label\">Composition<\/td>\n<td class=\"data last\">PVC lamin\u00e9 triple \u00e9paisseur<\/td>\n<\/tr>\n<tr class=\"last even\">\n<td class=\"label\">Dimensions bloc technique (en cm)<\/td>\n<td class=\"data last\">70 x 44 x 49<\/td>\n<\/tr>\n<\/tbody>\n<\/table>\n<p>&nbsp;<\/p>\n<h2 data-start=\"5581\" data-end=\"5596\">\u00a0FAQ<\/h2>\n<p data-start=\"5598\" data-end=\"5835\"><strong data-start=\"5598\" data-end=\"5650\">Q : Combien de temps pour chauffer \u00a0795 L d\u2019eau ?<\/strong><br data-start=\"5650\" data-end=\"5653\" \/><strong data-start=\"5653\" data-end=\"5660\">R :<\/strong>\u00a0En moyenne, comptez 12\u201314 heures pour passer de 15 \u00b0C \u00e0 38 \u00b0C (environ 1 \u00b0C\/heure). Pour optimiser la mont\u00e9e en temp\u00e9rature, activez la\u00a0<strong data-start=\"5797\" data-end=\"5834\">couverture thermique EnergySense\u2122<\/strong>.<\/p>\n<p data-start=\"5837\" data-end=\"6067\"><strong data-start=\"5837\" data-end=\"5885\">Q : Puis-je laisser le spa dehors en hiver ?<\/strong><br data-start=\"5885\" data-end=\"5888\" \/><strong data-start=\"5888\" data-end=\"5895\">R :<\/strong>\u00a0Oui, gr\u00e2ce au syst\u00e8me anti-gel\u00a0<strong data-start=\"5927\" data-end=\"5944\">Freezeshield\u2122<\/strong>, le spa continue \u00e0 chauffer la nuit tant que le c\u00e2ble est branch\u00e9 et que vous maintenez une temp\u00e9rature minimale de 10 \u00b0C.<\/p>\n<p data-start=\"6069\" data-end=\"6233\"><strong data-start=\"6069\" data-end=\"6109\">Q : Quelle consommation \u00e9lectrique ?<\/strong><br data-start=\"6109\" data-end=\"6112\" \/><strong data-start=\"6112\" data-end=\"6119\">R :<\/strong>\u00a0Puissance de la pompe+chauffage : 2,2 kW. Utilisation moyenne quotidienne : 1 kW\/h pour maintenir la temp\u00e9rature.<\/p>\n<p data-start=\"6235\" data-end=\"6421\"><strong data-start=\"6235\" data-end=\"6280\">Q : Type de produit chimique recommand\u00e9 ?<\/strong><br data-start=\"6280\" data-end=\"6283\" \/><strong data-start=\"6283\" data-end=\"6290\">R :<\/strong>\u00a0Nous pr\u00e9conisons l\u2019utilisation du\u00a0<strong data-start=\"6325\" data-end=\"6351\">diffuseur ChemConnect\u2122<\/strong>\u00a0avec pastilles de brome 4 g sp\u00e9cialement con\u00e7ues pour les spas Intex.<\/p>\n","protected":false},"excerpt":{"rendered":"<p>\u2705 RETOUR\u00a0 FACILE EN\u00a0 30 JOURS<br \/>\n\u2705 3 ANS DE GARANTIE<br \/>\n\u2705 LIVRAISON GRATUITE\u00a0 EN 3 JOURS<\/p>\n<p>&nbsp;<\/p>\n","protected":false},"featured_media":18160,"template":"","meta":[],"product_brand":[],"product_cat":[266],"product_tag":[],"class_list":{"0":"post-18157","1":"product","2":"type-product","3":"status-publish","4":"has-post-thumbnail","6":"product_cat-spa-gonflable","8":"first","9":"instock","10":"sale","11":"taxable","12":"shipping-taxable","13":"purchasable","14":"product-type-simple"},"_links":{"self":[{"href":"https:\/\/homejardins.com\/index.php\/wp-json\/wp\/v2\/product\/18157","targetHints":{"allow":["GET"]}}],"collection":[{"href":"https:\/\/homejardins.com\/index.php\/wp-json\/wp\/v2\/product"}],"about":[{"href":"https:\/\/homejardins.com\/index.php\/wp-json\/wp\/v2\/types\/product"}],"version-history":[{"count":11,"href":"https:\/\/homejardins.com\/index.php\/wp-json\/wp\/v2\/product\/18157\/revisions"}],"predecessor-version":[{"id":18293,"href":"https:\/\/homejardins.com\/index.php\/wp-json\/wp\/v2\/product\/18157\/revisions\/18293"}],"wp:featuredmedia":[{"embeddable":true,"href":"https:\/\/homejardins.com\/index.php\/wp-json\/wp\/v2\/media\/18160"}],"wp:attachment":[{"href":"https:\/\/homejardins.com\/index.php\/wp-json\/wp\/v2\/media?parent=18157"}],"wp:term":[{"taxonomy":"product_brand","embeddable":true,"href":"https:\/\/homejardins.com\/index.php\/wp-json\/wp\/v2\/product_brand?post=18157"},{"taxonomy":"product_cat","embeddable":true,"href":"https:\/\/homejardins.com\/index.php\/wp-json\/wp\/v2\/product_cat?post=18157"},{"taxonomy":"product_tag","embeddable":true,"href":"https:\/\/homejardins.com\/index.php\/wp-json\/wp\/v2\/product_tag?post=18157"}],"curies":[{"name":"wp","href":"https:\/\/api.w.org\/{rel}","templated":true}]}}