{"id":18183,"date":"2025-06-05T19:20:46","date_gmt":"2025-06-05T17:20:46","guid":{"rendered":"https:\/\/homejardins.com\/?post_type=product&#038;p=18183"},"modified":"2025-06-27T21:30:45","modified_gmt":"2025-06-27T19:30:45","slug":"pack-spa-gonflable-intex-lay-z-spa-zurich-airjet-4-places-kit-entretien","status":"publish","type":"product","link":"https:\/\/homejardins.com\/index.php\/produit\/pack-spa-gonflable-intex-lay-z-spa-zurich-airjet-4-places-kit-entretien\/","title":{"rendered":"Pack Spa Gonflable Intex Lay-Z Spa Zurich AirJet\u2122 4 Places + Kit Entretien"},"content":{"rendered":"<h2 data-start=\"1024\" data-end=\"1051\">\ud83d\ude80 CARACT\u00c9RISTIQUES<\/h2>\n<div class=\"_tableContainer_16hzy_1\">\n<div class=\"_tableWrapper_16hzy_14 group flex w-fit flex-col-reverse\" tabindex=\"-1\">\n<table class=\"w-fit min-w-(--thread-content-width)\" data-start=\"1053\" data-end=\"1977\">\n<thead data-start=\"1053\" data-end=\"1154\">\n<tr data-start=\"1053\" data-end=\"1154\">\n<th data-start=\"1053\" data-end=\"1061\" data-col-size=\"sm\">Ic\u00f4ne<\/th>\n<th data-start=\"1061\" data-end=\"1099\" data-col-size=\"sm\">Fonctionnalit\u00e9<\/th>\n<th data-start=\"1099\" data-end=\"1154\" data-col-size=\"md\">D\u00e9tail<\/th>\n<\/tr>\n<\/thead>\n<tbody data-start=\"1257\" data-end=\"1977\">\n<tr data-start=\"1257\" data-end=\"1358\">\n<td data-start=\"1257\" data-end=\"1265\" data-col-size=\"sm\">\ud83d\udc65<\/td>\n<td data-col-size=\"sm\" data-start=\"1265\" data-end=\"1303\"><strong data-start=\"1267\" data-end=\"1279\">4 places<\/strong><\/td>\n<td data-col-size=\"md\" data-start=\"1303\" data-end=\"1358\">Accueille confortablement 2 \u00e0 4 personnes<\/td>\n<\/tr>\n<tr data-start=\"1359\" data-end=\"1460\">\n<td data-start=\"1359\" data-end=\"1368\" data-col-size=\"sm\">\ud83c\udf21\ufe0f<\/td>\n<td data-col-size=\"sm\" data-start=\"1368\" data-end=\"1405\"><strong data-start=\"1370\" data-end=\"1395\">Mat\u00e9riau EnergySense\u2122<\/strong><\/td>\n<td data-col-size=\"md\" data-start=\"1405\" data-end=\"1460\">Liner : mousse + aluminium + double PVC DuraPlus\u2122<\/td>\n<\/tr>\n<tr data-start=\"1461\" data-end=\"1563\">\n<td data-start=\"1461\" data-end=\"1469\" data-col-size=\"sm\">\ud83d\udca7<\/td>\n<td data-col-size=\"sm\" data-start=\"1469\" data-end=\"1507\"><strong data-start=\"1471\" data-end=\"1495\">Volume d\u2019eau : 669 L<\/strong><\/td>\n<td data-col-size=\"md\" data-start=\"1507\" data-end=\"1563\">Hauteur d\u2019eau : 52 cm<\/td>\n<\/tr>\n<tr data-start=\"1564\" data-end=\"1665\">\n<td data-start=\"1564\" data-end=\"1572\" data-col-size=\"sm\">\ud83d\udd0c<\/td>\n<td data-col-size=\"sm\" data-start=\"1572\" data-end=\"1610\"><strong data-start=\"1574\" data-end=\"1594\">Pompe 1 325 m\u00b3\/h<\/strong><\/td>\n<td data-col-size=\"md\" data-start=\"1610\" data-end=\"1665\">Cartouches de filtration rempla\u00e7ables (type VI)<\/td>\n<\/tr>\n<tr data-start=\"1666\" data-end=\"1767\">\n<td data-start=\"1666\" data-end=\"1674\" data-col-size=\"sm\">\ud83d\udca6<\/td>\n<td data-col-size=\"sm\" data-start=\"1674\" data-end=\"1712\"><strong data-start=\"1676\" data-end=\"1705\">120 jets massants AirJet\u2122<\/strong><\/td>\n<td data-col-size=\"md\" data-start=\"1712\" data-end=\"1767\">Buses air pour d\u00e9tente musculaire<\/td>\n<\/tr>\n<tr data-start=\"1768\" data-end=\"1873\">\n<td data-start=\"1768\" data-end=\"1776\" data-col-size=\"sm\">\ud83d\udcca<\/td>\n<td data-col-size=\"sm\" data-start=\"1776\" data-end=\"1814\"><strong data-start=\"1778\" data-end=\"1805\">Panneau digital int\u00e9gr\u00e9<\/strong><\/td>\n<td data-col-size=\"md\" data-start=\"1814\" data-end=\"1873\">R\u00e9glage temp\u00e9rature, jets &amp; filtration \u00e0 port\u00e9e de main<\/td>\n<\/tr>\n<tr data-start=\"1874\" data-end=\"1977\">\n<td data-start=\"1874\" data-end=\"1883\" data-col-size=\"sm\">\ud83c\udfd6\ufe0f<\/td>\n<td data-start=\"1883\" data-end=\"1921\" data-col-size=\"sm\"><strong data-start=\"1885\" data-end=\"1918\">Installation rapide en 20 min<\/strong><\/td>\n<td data-col-size=\"md\" data-start=\"1921\" data-end=\"1977\">Gonflage automatique + couverture isolante<\/td>\n<\/tr>\n<\/tbody>\n<\/table>\n<div class=\"sticky end-(--thread-content-margin) h-0 self-end select-none\">\n<div class=\"absolute end-0 flex items-end\"><\/div>\n<\/div>\n<\/div>\n<\/div>\n<h3 data-start=\"2013\" data-end=\"2071\">1. Mat\u00e9riau Thermique Haute Performance \u2013 EnergySense\u2122<\/h3>\n<p data-start=\"2073\" data-end=\"2129\">Le <strong data-start=\"2076\" data-end=\"2097\">liner multicouche<\/strong> du Lay-Z Spa Zurich combine :<\/p>\n<ul data-start=\"2130\" data-end=\"2267\">\n<li data-start=\"2130\" data-end=\"2167\">\n<p data-start=\"2132\" data-end=\"2167\"><strong data-start=\"2132\" data-end=\"2165\">Une couche de mousse isolante<\/strong><\/p>\n<\/li>\n<li data-start=\"2168\" data-end=\"2217\">\n<p data-start=\"2170\" data-end=\"2217\"><strong data-start=\"2170\" data-end=\"2215\">Deux feuilles d\u2019aluminium r\u00e9fl\u00e9chissantes<\/strong><\/p>\n<\/li>\n<li data-start=\"2218\" data-end=\"2267\">\n<p data-start=\"2220\" data-end=\"2267\"><strong data-start=\"2220\" data-end=\"2265\">Deux couches ext\u00e9rieures en PVC DuraPlus\u2122<\/strong><\/p>\n<\/li>\n<\/ul>\n<p data-start=\"2269\" data-end=\"2288\">\u25b6\ufe0f <strong data-start=\"2272\" data-end=\"2286\">R\u00e9sultat :<\/strong><\/p>\n<ul data-start=\"2289\" data-end=\"2475\">\n<li data-start=\"2289\" data-end=\"2338\">\n<p data-start=\"2291\" data-end=\"2338\">R\u00e9duction des pertes thermiques jusqu\u2019\u00e0 20 %\u00b9<\/p>\n<\/li>\n<li data-start=\"2339\" data-end=\"2422\">\n<p data-start=\"2341\" data-end=\"2422\">Conservation de la chaleur prolong\u00e9e (m\u00eame si la temp\u00e9rature ext\u00e9rieure baisse)<\/p>\n<\/li>\n<li data-start=\"2423\" data-end=\"2475\">\n<p data-start=\"2425\" data-end=\"2475\">Compatible avec l\u2019option antigel <strong data-start=\"2458\" data-end=\"2475\">Freezeshield\u2122<\/strong><\/p>\n<\/li>\n<\/ul>\n<h3 data-start=\"2477\" data-end=\"2525\">2. Relaxation &amp; Bien-\u00eatre \u2013 120 Jets AirJet\u2122<\/h3>\n<ul data-start=\"2527\" data-end=\"2837\">\n<li data-start=\"2527\" data-end=\"2585\">\n<p data-start=\"2529\" data-end=\"2585\"><strong data-start=\"2529\" data-end=\"2555\">120 diffuseurs AirJet\u2122<\/strong> strat\u00e9giquement positionn\u00e9s<\/p>\n<\/li>\n<li data-start=\"2586\" data-end=\"2669\">\n<p data-start=\"2588\" data-end=\"2669\"><strong data-start=\"2588\" data-end=\"2637\">Pompe int\u00e9gr\u00e9e haute performance (1 325 m\u00b3\/h)<\/strong> alimente le syst\u00e8me de bulles<\/p>\n<\/li>\n<li data-start=\"2670\" data-end=\"2756\">\n<p data-start=\"2672\" data-end=\"2756\"><strong data-start=\"2672\" data-end=\"2691\">Panneau digital<\/strong> : bouton \u201cJets\u201d pour activer instantan\u00e9ment la diffusion d\u2019air<\/p>\n<\/li>\n<li data-start=\"2757\" data-end=\"2837\">\n<p data-start=\"2759\" data-end=\"2837\">**Porte-gobelets moul\u00e9s ** aux bords pour garder vos boissons \u00e0 port\u00e9e de main<\/p>\n<\/li>\n<\/ul>\n<p data-start=\"2839\" data-end=\"2859\">\u25b6\ufe0f <strong data-start=\"2842\" data-end=\"2855\">Avantages<\/strong> :<\/p>\n<ul data-start=\"2860\" data-end=\"2951\">\n<li data-start=\"2860\" data-end=\"2889\">\n<p data-start=\"2862\" data-end=\"2889\">D\u00e9tente musculaire cibl\u00e9e<\/p>\n<\/li>\n<li data-start=\"2890\" data-end=\"2918\">\n<p data-start=\"2892\" data-end=\"2918\">Massage doux et apaisant<\/p>\n<\/li>\n<li data-start=\"2919\" data-end=\"2951\">\n<p data-start=\"2921\" data-end=\"2951\">Ambiance \u201cjacuzzi\u201d \u00e0 domicile<\/p>\n<\/li>\n<\/ul>\n<h3 data-start=\"2953\" data-end=\"2988\">3. Installation Facile &amp; Rapide<\/h3>\n<ol data-start=\"2990\" data-end=\"3413\">\n<li data-start=\"2990\" data-end=\"3071\">\n<p data-start=\"2993\" data-end=\"3071\"><strong data-start=\"2993\" data-end=\"3027\">Choisissez un emplacement plat<\/strong> et d\u00e9gag\u00e9 (terrasse, gazon, sol durifi\u00e9).<\/p>\n<\/li>\n<li data-start=\"3072\" data-end=\"3106\">\n<p data-start=\"3075\" data-end=\"3106\"><strong data-start=\"3075\" data-end=\"3096\">Brancher la pompe<\/strong> au spa.<\/p>\n<\/li>\n<li data-start=\"3107\" data-end=\"3179\">\n<p data-start=\"3110\" data-end=\"3179\"><strong data-start=\"3110\" data-end=\"3121\">Gonflez<\/strong> automatiquement le spa via le bouton \u201cJets de massage\u201d.<\/p>\n<\/li>\n<li data-start=\"3180\" data-end=\"3253\">\n<p data-start=\"3183\" data-end=\"3253\"><strong data-start=\"3183\" data-end=\"3215\">Posez la couverture isolante<\/strong> et r\u00e9p\u00e9tez l\u2019op\u00e9ration de gonflage.<\/p>\n<\/li>\n<li data-start=\"3254\" data-end=\"3313\">\n<p data-start=\"3257\" data-end=\"3313\"><strong data-start=\"3257\" data-end=\"3290\">Fixez le groupe de filtration<\/strong> (cartouche type VI).<\/p>\n<\/li>\n<li data-start=\"3314\" data-end=\"3360\">\n<p data-start=\"3317\" data-end=\"3360\"><strong data-start=\"3317\" data-end=\"3338\">Remplissez le spa<\/strong> (tuyau d\u2019arrosage).<\/p>\n<\/li>\n<li data-start=\"3361\" data-end=\"3413\">\n<p data-start=\"3364\" data-end=\"3413\"><strong data-start=\"3364\" data-end=\"3399\">Branchez, r\u00e9glez la temp\u00e9rature<\/strong> et profitez !<\/p>\n<\/li>\n<\/ol>\n<h2 data-start=\"5581\" data-end=\"5596\">\u2753 FAQ<\/h2>\n<p data-start=\"5598\" data-end=\"5835\"><strong data-start=\"5598\" data-end=\"5650\">Q : Combien de temps pour chauffer 669 L d\u2019eau ?<\/strong><br data-start=\"5650\" data-end=\"5653\" \/><strong data-start=\"5653\" data-end=\"5660\">R :<\/strong> En moyenne, comptez 12\u201314 heures pour passer de 15 \u00b0C \u00e0 38 \u00b0C (environ 1 \u00b0C\/heure). Pour optimiser la mont\u00e9e en temp\u00e9rature, activez la <strong data-start=\"5797\" data-end=\"5834\">couverture thermique EnergySense\u2122<\/strong>.<\/p>\n<p data-start=\"5837\" data-end=\"6067\"><strong data-start=\"5837\" data-end=\"5885\">Q : Puis-je laisser le spa dehors en hiver ?<\/strong><br data-start=\"5885\" data-end=\"5888\" \/><strong data-start=\"5888\" data-end=\"5895\">R :<\/strong> Oui, gr\u00e2ce au syst\u00e8me anti-gel <strong data-start=\"5927\" data-end=\"5944\">Freezeshield\u2122<\/strong>, le spa continue \u00e0 chauffer la nuit tant que le c\u00e2ble est branch\u00e9 et que vous maintenez une temp\u00e9rature minimale de 10 \u00b0C.<\/p>\n<p data-start=\"6069\" data-end=\"6233\"><strong data-start=\"6069\" data-end=\"6109\">Q : Quelle consommation \u00e9lectrique ?<\/strong><br data-start=\"6109\" data-end=\"6112\" \/><strong data-start=\"6112\" data-end=\"6119\">R :<\/strong> Puissance de la pompe+chauffage : 2,2 kW. Utilisation moyenne quotidienne : 1 kW\/h pour maintenir la temp\u00e9rature.<\/p>\n<p data-start=\"6235\" data-end=\"6421\"><strong data-start=\"6235\" data-end=\"6280\">Q : Type de produit chimique recommand\u00e9 ?<\/strong><br data-start=\"6280\" data-end=\"6283\" \/><strong data-start=\"6283\" data-end=\"6290\">R :<\/strong> Nous pr\u00e9conisons l\u2019utilisation du <strong data-start=\"6325\" data-end=\"6351\">diffuseur ChemConnect\u2122<\/strong> avec pastilles de brome 4 g sp\u00e9cialement con\u00e7ues pour les spas Intex.<\/p>\n","protected":false},"excerpt":{"rendered":"<ul>\n<li data-start=\"865\" data-end=\"898\">\n<p data-start=\"867\" data-end=\"898\">\ud83d\udd04 <strong data-start=\"870\" data-end=\"896\">RETOUR FACILE 30 JOURS<\/strong><\/p>\n<\/li>\n<li data-start=\"899\" data-end=\"941\">\n<p data-start=\"901\" data-end=\"941\">\ud83d\udee1\ufe0f <strong data-start=\"905\" data-end=\"939\">3 ANS DE GARANTIE CONSTRUCTEUR<\/strong><\/p>\n<\/li>\n<li data-start=\"942\" data-end=\"982\">\n<p data-start=\"944\" data-end=\"982\">\ud83d\ude9a <strong data-start=\"947\" data-end=\"980\">LIVRAISON GRATUITE EN 3 JOURS<\/strong><\/p>\n<\/li>\n<\/ul>\n","protected":false},"featured_media":18184,"template":"","meta":[],"product_brand":[],"product_cat":[266],"product_tag":[],"class_list":{"0":"post-18183","1":"product","2":"type-product","3":"status-publish","4":"has-post-thumbnail","6":"product_cat-spa-gonflable","8":"first","9":"instock","10":"sale","11":"taxable","12":"shipping-taxable","13":"purchasable","14":"product-type-simple"},"_links":{"self":[{"href":"https:\/\/homejardins.com\/index.php\/wp-json\/wp\/v2\/product\/18183","targetHints":{"allow":["GET"]}}],"collection":[{"href":"https:\/\/homejardins.com\/index.php\/wp-json\/wp\/v2\/product"}],"about":[{"href":"https:\/\/homejardins.com\/index.php\/wp-json\/wp\/v2\/types\/product"}],"version-history":[{"count":3,"href":"https:\/\/homejardins.com\/index.php\/wp-json\/wp\/v2\/product\/18183\/revisions"}],"predecessor-version":[{"id":18290,"href":"https:\/\/homejardins.com\/index.php\/wp-json\/wp\/v2\/product\/18183\/revisions\/18290"}],"wp:featuredmedia":[{"embeddable":true,"href":"https:\/\/homejardins.com\/index.php\/wp-json\/wp\/v2\/media\/18184"}],"wp:attachment":[{"href":"https:\/\/homejardins.com\/index.php\/wp-json\/wp\/v2\/media?parent=18183"}],"wp:term":[{"taxonomy":"product_brand","embeddable":true,"href":"https:\/\/homejardins.com\/index.php\/wp-json\/wp\/v2\/product_brand?post=18183"},{"taxonomy":"product_cat","embeddable":true,"href":"https:\/\/homejardins.com\/index.php\/wp-json\/wp\/v2\/product_cat?post=18183"},{"taxonomy":"product_tag","embeddable":true,"href":"https:\/\/homejardins.com\/index.php\/wp-json\/wp\/v2\/product_tag?post=18183"}],"curies":[{"name":"wp","href":"https:\/\/api.w.org\/{rel}","templated":true}]}}