{"id":18207,"date":"2025-06-05T20:02:41","date_gmt":"2025-06-05T18:02:41","guid":{"rendered":"https:\/\/homejardins.com\/?post_type=product&#038;p=18207"},"modified":"2025-06-27T21:36:14","modified_gmt":"2025-06-27T19:36:14","slug":"parasol-deporte-rectangulaire-tikeo-platine-honey","status":"publish","type":"product","link":"https:\/\/homejardins.com\/index.php\/produit\/parasol-deporte-rectangulaire-tikeo-platine-honey\/","title":{"rendered":"Parasol d\u00e9port\u00e9 rectangulaire TIKEO Platine &#038; Honey"},"content":{"rendered":"<p class=\"title_container\" data-highlight=\"item_description\"><span class=\"title\">Description<\/span><\/p>\n<div class=\"descriptionTxt collapsible\">\n<div class=\"descriptionTxt__styled\">\n<p>Indispensable pendant la belle saison, le parasol d\u00e9port\u00e9 Hesp\u00e9ride vous accompagnera pendant vos moments de d\u00e9tente.<\/p>\n<p><strong>Un design chaleureux<\/strong><br \/>\nLe parasol d\u00e9port\u00e9\u00a0 se caract\u00e9rise par un m\u00e2t et des baleines r\u00e9alis\u00e9s dans un effet bois. Ainsi, il deviendra un accessoire \u00e0 la fois pratique et d\u00e9coratif. La grande envergure de la toile vous prot\u00e8gera efficacement des rayons du soleil.<\/p>\n<p><strong>Une manipulation facile<\/strong><br \/>\nAvec son ouverture \u00e0 manivelle et une rotation jusqu&rsquo;\u00e0 360\u00b0, le parasol d\u00e9port\u00e9\u00a0 vous permettra d&rsquo;obtenir de l&rsquo;ombre facilement sans avoir \u00e0 d\u00e9placer le pied. Il se r\u00e8gle \u00e9galement en hauteur gr\u00e2ce \u00e0 une cr\u00e9maill\u00e8re.<\/p>\n<p><strong>Un accessoire bien pens\u00e9<\/strong><br \/>\nLa toile en polyester d\u00e9perlante est viss\u00e9e en bout de baleines pour offrir un excellent maintien. Pour optimiser votre confort, la chemin\u00e9e d&rsquo;a\u00e9ration facilite la circulation de l&rsquo;air sous le parasol.<br \/>\n\u00c0 l&rsquo;approche de l&rsquo;hiver, optez pour une housse de protection Hesp\u00e9ride compatible afin de le remiser dans un lieu couvert.<\/p>\n<p>\u00c0 noter que les dalles ne sont pas fournies.<\/p>\n<\/div>\n<\/div>\n","protected":false},"excerpt":{"rendered":"<ul>\n<li data-start=\"865\" data-end=\"898\">\n<p data-start=\"867\" data-end=\"898\">\ud83d\udd04\u00a0<strong data-start=\"870\" data-end=\"896\">RETOUR FACILE 30 JOURS<\/strong><\/p>\n<\/li>\n<li data-start=\"899\" data-end=\"941\">\n<p data-start=\"901\" data-end=\"941\">\ud83d\udee1\ufe0f\u00a0<strong data-start=\"905\" data-end=\"939\">3 ANS DE GARANTIE CONSTRUCTEUR<\/strong><\/p>\n<\/li>\n<li data-start=\"942\" data-end=\"982\">\n<p data-start=\"944\" data-end=\"982\">\ud83d\ude9a\u00a0<strong data-start=\"947\" data-end=\"980\">LIVRAISON GRATUITE EN 3 JOURS<\/strong><\/p>\n<\/li>\n<\/ul>\n<div class=\"descriptionTxt collapsible\"><\/div>\n","protected":false},"featured_media":18208,"template":"","meta":[],"product_brand":[],"product_cat":[265],"product_tag":[],"class_list":{"0":"post-18207","1":"product","2":"type-product","3":"status-publish","4":"has-post-thumbnail","6":"product_cat-parasols","8":"first","9":"instock","10":"sale","11":"taxable","12":"shipping-taxable","13":"purchasable","14":"product-type-simple"},"_links":{"self":[{"href":"https:\/\/homejardins.com\/index.php\/wp-json\/wp\/v2\/product\/18207","targetHints":{"allow":["GET"]}}],"collection":[{"href":"https:\/\/homejardins.com\/index.php\/wp-json\/wp\/v2\/product"}],"about":[{"href":"https:\/\/homejardins.com\/index.php\/wp-json\/wp\/v2\/types\/product"}],"version-history":[{"count":4,"href":"https:\/\/homejardins.com\/index.php\/wp-json\/wp\/v2\/product\/18207\/revisions"}],"predecessor-version":[{"id":18296,"href":"https:\/\/homejardins.com\/index.php\/wp-json\/wp\/v2\/product\/18207\/revisions\/18296"}],"wp:featuredmedia":[{"embeddable":true,"href":"https:\/\/homejardins.com\/index.php\/wp-json\/wp\/v2\/media\/18208"}],"wp:attachment":[{"href":"https:\/\/homejardins.com\/index.php\/wp-json\/wp\/v2\/media?parent=18207"}],"wp:term":[{"taxonomy":"product_brand","embeddable":true,"href":"https:\/\/homejardins.com\/index.php\/wp-json\/wp\/v2\/product_brand?post=18207"},{"taxonomy":"product_cat","embeddable":true,"href":"https:\/\/homejardins.com\/index.php\/wp-json\/wp\/v2\/product_cat?post=18207"},{"taxonomy":"product_tag","embeddable":true,"href":"https:\/\/homejardins.com\/index.php\/wp-json\/wp\/v2\/product_tag?post=18207"}],"curies":[{"name":"wp","href":"https:\/\/api.w.org\/{rel}","templated":true}]}}