{"id":18302,"date":"2025-06-28T21:44:23","date_gmt":"2025-06-28T19:44:23","guid":{"rendered":"https:\/\/homejardins.com\/?post_type=product&#038;p=18302"},"modified":"2025-06-28T22:02:31","modified_gmt":"2025-06-28T20:02:31","slug":"lot-de-2-transats-de-jardin-inclinables-kailua-en-acier-gris-anthracite-et-toile-bleu-canard","status":"publish","type":"product","link":"https:\/\/homejardins.com\/index.php\/produit\/lot-de-2-transats-de-jardin-inclinables-kailua-en-acier-gris-anthracite-et-toile-bleu-canard\/","title":{"rendered":"Lot de 2 transats de Jardin inclinables Kailua en Acier Gris Anthracite et Toile Bleu Canard"},"content":{"rendered":"<p>Offrez-vous un moment de d\u00e9tente et profitez des beaux jours sur ces 2 jolis transats de jardin inclinables avec structure en acier gris anthracite et toile textil\u00e8ne bleu canard.Les transats KAILUA vous apporteront tout le confort dont vous avez besoin gr\u00e2ce \u00e0 leurs 4 crans de position r\u00e9glables.<\/p>\n<p>Vous pourrez ainsi adopter une position assise pour lire ou discuter, ainsi qu&rsquo;une position inclin\u00e9e ou allong\u00e9e pour une sieste au soleil. Leur design sobre et moderne s&rsquo;accordera parfaitement avec votre mobilier ext\u00e9rieur. Leur structure en acier gris anthracite et leur toile en textil\u00e8ne bleu canard leur apportent stabilit\u00e9, robustesse et confort !<\/p>\n<p>N&rsquo;attendez plus et profitez d&rsquo;un moment de d\u00e9tente entre amis ou en famille avec ce lot de 2 transats inclinables KAILUA bleu canard !<\/p>\n<p>Dimensions d&rsquo;un transat de jardin inclinable KAILUA<\/p>\n<p>Dimensions globales allong\u00e9 : Longueur 190 cm x largeur 58 cm x Hauteur 33 cm Hauteur de l&rsquo;assise : 33 cm<\/p>\n<p>\u00c9paisseur de la structure : 30 x 20 mm<\/p>\n<p>Mat\u00e9riaux : structure en acier et assise en textil\u00e8ne<\/p>\n<p>Coloris : structure gris anthracite et toile bleu canard<\/p>\n<p>Nombre de positions d&rsquo;inclinaison : 4\u00c0 monter soi-m\u00eame<\/p>\n","protected":false},"excerpt":{"rendered":"<ul class=\"a-unordered-list a-vertical a-spacing-mini\">\n<li class=\"a-spacing-mini\"><span class=\"a-list-item\">R\u00e9glables sur 4 positions gr\u00e2ce \u00e0 4 crans &#8211; confort optimal selon vos envies !<\/span><\/li>\n<li class=\"a-spacing-mini\"><span class=\"a-list-item\">Toile en textil\u00e8ne bleu canard pour un confort garanti &#8211; Facile d&rsquo;entretien<\/span><\/li>\n<li class=\"a-spacing-mini\"><span class=\"a-list-item\">Structure stable et robuste en acier gris anthracite<\/span><\/li>\n<li class=\"a-spacing-mini\"><span class=\"a-list-item\">Design \u00e9l\u00e9gant et contemporain, ce lot de 2 transats allie stabilit\u00e9 et modernit\u00e9<\/span><\/li>\n<li class=\"a-spacing-mini\"><span class=\"a-list-item\">Dimensions allong\u00e9s : L.191 x l.59 x H.33 cm &#8211; Hauteur de l&rsquo;assise : 33 cm<\/span><\/li>\n<\/ul>\n<p>\u2705 RETOUR\u00a0 FACILE EN\u00a0 30 JOURS<br \/>\n\u2705 2 ANS DE GARANTIE<br \/>\n\u2705 LIVRAISON GRATUITE\u00a0 EN 3 JOURS<\/p>\n","protected":false},"featured_media":18308,"template":"","meta":[],"product_brand":[],"product_cat":[268],"product_tag":[],"class_list":{"0":"post-18302","1":"product","2":"type-product","3":"status-publish","4":"has-post-thumbnail","6":"product_cat-transat-de-jardin","8":"first","9":"instock","10":"sale","11":"taxable","12":"shipping-taxable","13":"purchasable","14":"product-type-simple"},"_links":{"self":[{"href":"https:\/\/homejardins.com\/index.php\/wp-json\/wp\/v2\/product\/18302","targetHints":{"allow":["GET"]}}],"collection":[{"href":"https:\/\/homejardins.com\/index.php\/wp-json\/wp\/v2\/product"}],"about":[{"href":"https:\/\/homejardins.com\/index.php\/wp-json\/wp\/v2\/types\/product"}],"version-history":[{"count":1,"href":"https:\/\/homejardins.com\/index.php\/wp-json\/wp\/v2\/product\/18302\/revisions"}],"predecessor-version":[{"id":18309,"href":"https:\/\/homejardins.com\/index.php\/wp-json\/wp\/v2\/product\/18302\/revisions\/18309"}],"wp:featuredmedia":[{"embeddable":true,"href":"https:\/\/homejardins.com\/index.php\/wp-json\/wp\/v2\/media\/18308"}],"wp:attachment":[{"href":"https:\/\/homejardins.com\/index.php\/wp-json\/wp\/v2\/media?parent=18302"}],"wp:term":[{"taxonomy":"product_brand","embeddable":true,"href":"https:\/\/homejardins.com\/index.php\/wp-json\/wp\/v2\/product_brand?post=18302"},{"taxonomy":"product_cat","embeddable":true,"href":"https:\/\/homejardins.com\/index.php\/wp-json\/wp\/v2\/product_cat?post=18302"},{"taxonomy":"product_tag","embeddable":true,"href":"https:\/\/homejardins.com\/index.php\/wp-json\/wp\/v2\/product_tag?post=18302"}],"curies":[{"name":"wp","href":"https:\/\/api.w.org\/{rel}","templated":true}]}}