{"id":18310,"date":"2025-06-28T22:41:09","date_gmt":"2025-06-28T20:41:09","guid":{"rendered":"https:\/\/homejardins.com\/?post_type=product&#038;p=18310"},"modified":"2025-06-29T12:17:44","modified_gmt":"2025-06-29T10:17:44","slug":"luxirest-lot-de-2-bain-de-soleil-chaise-longue-jardin-exterieur-dossier-reglable-avec-coussin","status":"publish","type":"product","link":"https:\/\/homejardins.com\/index.php\/produit\/luxirest-lot-de-2-bain-de-soleil-chaise-longue-jardin-exterieur-dossier-reglable-avec-coussin\/","title":{"rendered":"luxirest Lot de 2 Bain de Soleil Chaise Longue Jardin Exterieur &#8211; Dossier r\u00e9glable &#8211; avec Coussin"},"content":{"rendered":"<ul class=\"a-unordered-list a-vertical a-spacing-mini\">\n<li>Mat\u00e9riau\u00a0 \u00a0: R\u00e9sine<\/li>\n<li>Poids de l&rsquo;article : 23 Kilogrammes<\/li>\n<\/ul>\n<p><span class=\"a-list-item\">\u3010Ultra Confortable Fourni\u3011 La chaise de jardin ergonomique un maximum de confort. Quant au dossier r\u00e9glable (4 positions d&rsquo;inclinaison), vous pouvez changer le dossier dans la position que vous souhaitez.<\/span><\/p>\n<ul class=\"a-unordered-list a-vertical a-spacing-mini\">\n<li class=\"a-spacing-mini\"><span class=\"a-list-item\">\u3010ID\u00c9AL POUR DIVERSES OCCASIONS\u3011La chaise longue jardin ext\u00e9rieur est parfaite pour votre terrasse ext\u00e9rieure, votre porche, votre jardin, votre piscine, votre jardin, votre terrasse de toute taille et tout autre espace avec suffisamment d&rsquo;espace, ce qui vous permet de passer du temps avec vos amis et votre famille plus confortable et agr\u00e9able.<\/span><\/li>\n<li class=\"a-spacing-mini\"><span class=\"a-list-item\">\u3010Facile \u00e0 monter et \u00e0 ranger \u3011 Apr\u00e8s un montage rapide conform\u00e9ment au manuel d&rsquo;instructions, la chaise longue est pr\u00eate \u00e0 l&#8217;emploi. Rangement facile gr\u00e2ce \u00e0 un design pliable l\u00e9ger.<\/span><\/li>\n<li class=\"a-spacing-mini\"><span class=\"a-list-item\">\u3010D\u00c9TAILS DU COLIS\u3011Contenu et dimensions de la livraison : 2 chaise longue.Charge maximale : 150 kg, Dimensions : L x l x H : 187 x 60 x 29 cm.<\/span><\/li>\n<\/ul>\n","protected":false},"excerpt":{"rendered":"<table class=\"a-normal a-spacing-micro\" style=\"height: 171px;\" width=\"663\">\n<tbody>\n<tr class=\"a-spacing-small po-brand\">\n<td class=\"a-span3\"><span class=\"a-size-base a-text-bold\">Marque<\/span><\/td>\n<td class=\"a-span9\"><span class=\"a-size-base po-break-word\">luxirest<\/span><\/td>\n<\/tr>\n<tr class=\"a-spacing-small po-item_depth_width_height\">\n<td class=\"a-span3\"><span class=\"a-size-base a-text-bold\">Dimensions du produit<\/span><\/td>\n<td class=\"a-span9\"><span class=\"a-size-base po-break-word\">187P x 60l x 29H centim\u00e8tres<\/span><\/td>\n<\/tr>\n<tr class=\"a-spacing-small po-size\">\n<td class=\"a-span3\"><span class=\"a-size-base a-text-bold\">Taille<\/span><\/td>\n<td class=\"a-span9\"><span class=\"a-size-base po-break-word\">Standard<\/span><\/td>\n<\/tr>\n<tr class=\"a-spacing-small po-style\">\n<td class=\"a-span3\"><span class=\"a-size-base a-text-bold\">Style<\/span><\/td>\n<td class=\"a-span9\"><span class=\"a-size-base po-break-word\">Jardin<\/span><\/td>\n<\/tr>\n<tr class=\"a-spacing-small po-pattern\">\n<td class=\"a-span3\"><span class=\"a-size-base a-text-bold\">Motif<\/span><\/td>\n<td class=\"a-span9\"><span class=\"a-size-base po-break-word\">Uni<\/span><\/td>\n<\/tr>\n<tr class=\"a-spacing-small po-included_components\">\n<td class=\"a-span3\"><span class=\"a-size-base a-text-bold\">Composants inclus<\/span><\/td>\n<td class=\"a-span9\"><span class=\"a-size-base po-break-word\">Bain de Soleil<\/span><\/td>\n<\/tr>\n<tr class=\"a-spacing-small po-model_name\">\n<td class=\"a-span3\"><span class=\"a-size-base a-text-bold\">Nom de mod\u00e8le<\/span><\/td>\n<td class=\"a-span9\"><span class=\"a-size-base po-break-word\">Luxirest Chaise Longue<\/span><\/td>\n<\/tr>\n<\/tbody>\n<\/table>\n<p>&nbsp;<\/p>\n<p>\u2705 RETOUR\u00a0 FACILE EN\u00a0 30 JOURS<br \/>\n\u2705 2 ANS DE GARANTIE<br \/>\n\u2705 LIVRAISON GRATUITE\u00a0 EN 3 JOURS<\/p>\n","protected":false},"featured_media":18319,"template":"","meta":[],"product_brand":[],"product_cat":[268],"product_tag":[],"class_list":{"0":"post-18310","1":"product","2":"type-product","3":"status-publish","4":"has-post-thumbnail","6":"product_cat-transat-de-jardin","8":"first","9":"instock","10":"sale","11":"taxable","12":"shipping-taxable","13":"purchasable","14":"product-type-simple"},"_links":{"self":[{"href":"https:\/\/homejardins.com\/index.php\/wp-json\/wp\/v2\/product\/18310","targetHints":{"allow":["GET"]}}],"collection":[{"href":"https:\/\/homejardins.com\/index.php\/wp-json\/wp\/v2\/product"}],"about":[{"href":"https:\/\/homejardins.com\/index.php\/wp-json\/wp\/v2\/types\/product"}],"version-history":[{"count":1,"href":"https:\/\/homejardins.com\/index.php\/wp-json\/wp\/v2\/product\/18310\/revisions"}],"predecessor-version":[{"id":18320,"href":"https:\/\/homejardins.com\/index.php\/wp-json\/wp\/v2\/product\/18310\/revisions\/18320"}],"wp:featuredmedia":[{"embeddable":true,"href":"https:\/\/homejardins.com\/index.php\/wp-json\/wp\/v2\/media\/18319"}],"wp:attachment":[{"href":"https:\/\/homejardins.com\/index.php\/wp-json\/wp\/v2\/media?parent=18310"}],"wp:term":[{"taxonomy":"product_brand","embeddable":true,"href":"https:\/\/homejardins.com\/index.php\/wp-json\/wp\/v2\/product_brand?post=18310"},{"taxonomy":"product_cat","embeddable":true,"href":"https:\/\/homejardins.com\/index.php\/wp-json\/wp\/v2\/product_cat?post=18310"},{"taxonomy":"product_tag","embeddable":true,"href":"https:\/\/homejardins.com\/index.php\/wp-json\/wp\/v2\/product_tag?post=18310"}],"curies":[{"name":"wp","href":"https:\/\/api.w.org\/{rel}","templated":true}]}}