{"id":18331,"date":"2025-06-29T12:26:20","date_gmt":"2025-06-29T10:26:20","guid":{"rendered":"https:\/\/homejardins.com\/?post_type=product&#038;p=18331"},"modified":"2025-06-29T12:26:20","modified_gmt":"2025-06-29T10:26:20","slug":"outsunny-lot-de-2-bains-de-soleil-transat-chaise-longue-inclinable-en-aluminium-et-textilene-avec-roulettes-dossier-multipositions-charge-max-150-kg-gris-fonce","status":"publish","type":"product","link":"https:\/\/homejardins.com\/index.php\/produit\/outsunny-lot-de-2-bains-de-soleil-transat-chaise-longue-inclinable-en-aluminium-et-textilene-avec-roulettes-dossier-multipositions-charge-max-150-kg-gris-fonce\/","title":{"rendered":"Outsunny Lot de 2 Bains de Soleil transat Chaise Longue inclinable en Aluminium et textil\u00e8ne avec roulettes Dossier Multipositions Charge Max. 150 Kg Gris fonc\u00e9"},"content":{"rendered":"<ul class=\"a-unordered-list a-vertical a-spacing-mini\">\n<li class=\"a-spacing-mini\"><span class=\"a-list-item\">DESIGN CONTEMPORAIN : Bain de soleil design contemporain avec lignes \u00e9l\u00e9gantes pour s&rsquo;int\u00e9grer facilement \u00e0 tous les types de d\u00e9co. Cette chaise longue trouvera parfaitement sa place dans vos espaces ext\u00e9rieurs d&rsquo;h\u00f4tel ou bien de terrasses de caf\u00e9 en bord de plage.<\/span><\/li>\n<li class=\"a-spacing-mini\"><span class=\"a-list-item\">DOSSIER INCLINABLE MULTI-POSITIONS : Ce bain de soleil offre 5 niveaux d&rsquo;inclinaison (102, 93, 80, 65, et 34 cm), id\u00e9al pour trouver la position la plus adapt\u00e9e \u00e0 la situation (lecture, sieste, bain de soleil, etc.)<\/span><\/li>\n<li class=\"a-spacing-mini\"><span class=\"a-list-item\">D\u00c9PLACEMENT FACILE : Ce transat est \u00e9quip\u00e9 de 2 roulettes \u00e0 l&rsquo;arri\u00e8re pour le d\u00e9placer facilement o\u00f9 bon vous semble.<\/span><\/li>\n<li class=\"a-spacing-mini\"><span class=\"a-list-item\">SOLIDE ET L\u00c9GER : Con\u00e7u en aluminium et textil\u00e8ne, ce transat est tr\u00e8s solide et l\u00e9ger (charge max. recommand\u00e9e de 150 Kg) : usage p\u00e9renne en toute commodit\u00e9<\/span><\/li>\n<li class=\"a-spacing-mini\"><span class=\"a-list-item\">SP\u00c9CIFICATIONS : Dimensions totales : 66l x 165P x 102H cm, Charge max. recommand\u00e9e : 150 kg. Assemblage n\u00e9cessaire.<\/span><\/li>\n<\/ul>\n","protected":false},"excerpt":{"rendered":"<div id=\"poExpander\" class=\"a-expander-collapsed-height a-row a-expander-container a-spacing-none a-expander-partial-collapse-container\" data-a-expander-name=\"product_overview\" data-a-expander-collapsed-height=\"210\">\n<div class=\"a-expander-content a-expander-partial-collapse-content a-expander-content-expanded\" data-expanded=\"true\">\n<div class=\"a-section a-spacing-small a-spacing-top-small\">\n<table class=\"a-normal a-spacing-micro\">\n<tbody>\n<tr class=\"a-spacing-small po-brand\">\n<td class=\"a-span3\"><span class=\"a-size-base a-text-bold\">Marque<\/span><\/td>\n<td class=\"a-span9\"><span class=\"a-size-base po-break-word\">Outsunny<\/span><\/td>\n<\/tr>\n<tr class=\"a-spacing-small po-color\">\n<td class=\"a-span3\"><span class=\"a-size-base a-text-bold\">Couleur<\/span><\/td>\n<td class=\"a-span9\"><span class=\"a-size-base po-break-word\">Gris Fonc\u00e9<\/span><\/td>\n<\/tr>\n<tr class=\"a-spacing-small po-item_depth_width_height\">\n<td class=\"a-span3\"><span class=\"a-size-base a-text-bold\">Dimensions du produit<\/span><\/td>\n<td class=\"a-span9\"><span class=\"a-size-base po-break-word\">165P x 66l x 102H centim\u00e8tres<\/span><\/td>\n<\/tr>\n<tr class=\"a-spacing-small po-size\">\n<td class=\"a-span3\"><span class=\"a-size-base a-text-bold\">Taille<\/span><\/td>\n<td class=\"a-span9\"><span class=\"a-size-base po-break-word\">66 x 165 x 102 cm<\/span><\/td>\n<\/tr>\n<tr class=\"a-spacing-small po-back.style\">\n<td class=\"a-span3\"><span class=\"a-size-base a-text-bold\">Style arri\u00e8re<\/span><\/td>\n<td class=\"a-span9\"><span class=\"a-size-base po-break-word\">Dossier plein<\/span><\/td>\n<\/tr>\n<tr class=\"a-spacing-small po-special_feature\">\n<td class=\"a-span3\"><span class=\"a-size-base a-text-bold\">Caract\u00e9ristique sp\u00e9ciale<\/span><\/td>\n<td class=\"a-span9\"><span class=\"a-size-base\"><span class=\"a-truncate po-truncate-attribute\" data-a-word-break=\"normal\" data-a-truncate-name=\"po-attribute-truncate-5\" data-a-max-rows=\"3\" data-a-overflow-marker=\"&amp;hellip;\" data-a-recalculate=\"false\" data-a-updated=\"true\"><span class=\"a-truncate-full a-offscreen\">Ergonomique, R\u00e9sistante aux UV, \u00e0 l&rsquo;humidit\u00e9, Structure solide et l\u00e9g\u00e8re en aluminium, Dossier inclinable, 2 roulettes<\/span><span class=\"a-truncate-cut\" aria-hidden=\"true\">Ergonomique, R\u00e9sistante aux UV, \u00e0 l&rsquo;humidit\u00e9, Structure solide et l\u00e9g\u00e8re en aluminium, Dossier inclinable, 2 roulettes<\/span><\/span><\/span><\/td>\n<\/tr>\n<tr class=\"a-spacing-small po-care_instructions\">\n<td class=\"a-span3\"><span class=\"a-size-base a-text-bold\">Instructions d&rsquo;entretien<\/span><\/td>\n<td class=\"a-span9\"><span class=\"a-size-base po-break-word\">Nettoyage \u00e0 sec<\/span><\/td>\n<\/tr>\n<tr class=\"a-spacing-small po-unit_count\">\n<td class=\"a-span3\"><span class=\"a-size-base a-text-bold\">Nombre d&rsquo;unit\u00e9s<\/span><\/td>\n<td class=\"a-span9\"><span class=\"a-size-base po-break-word\">2.0 unit\u00e9<\/span><\/td>\n<\/tr>\n<tr class=\"a-spacing-small po-recommended_uses_for_product\">\n<td class=\"a-span3\"><span class=\"a-size-base a-text-bold\">Usages recommand\u00e9s pour le produit<\/span><\/td>\n<td class=\"a-span9\"><span class=\"a-size-base po-break-word\">D\u00e9tente<\/span><\/td>\n<\/tr>\n<tr class=\"a-spacing-small po-maximum_weight_recommendation\">\n<td class=\"a-span3\"><span class=\"a-size-base a-text-bold\">Recommandation de poids maximum<\/span><\/td>\n<td class=\"a-span9\"><span class=\"a-size-base po-break-word\">150 Kilogrammes<\/span><\/td>\n<\/tr>\n<\/tbody>\n<\/table>\n<\/div>\n<\/div>\n<\/div>\n<div class=\"a-expander-header a-expander-partial-collapse-header\">Mat\u00e9riau : Textil\u00e8ne<\/div>\n<div class=\"a-expander-header a-expander-partial-collapse-header\">Poids de l&rsquo;article : 150 Kilogrammes<\/div>\n<div class=\"a-expander-header a-expander-partial-collapse-header\">Mat\u00e9riau du cadre :\u00a0 Textil\u00e8ne<\/div>\n<div class=\"a-expander-header a-expander-partial-collapse-header\">Type de mat\u00e9riau du si\u00e8ge : Textil\u00e8ne<\/div>\n<div><\/div>\n<div id=\"glance_icons_div\" class=\"a-section a-spacing-top-base\">\n<hr class=\"a-divider-normal\" aria-hidden=\"true\" \/>\n<p>\u2705 RETOUR\u00a0 FACILE EN\u00a0 30 JOURS<br \/>\n\u2705 2 ANS DE GARANTIE<br \/>\n\u2705 LIVRAISON GRATUITE\u00a0 EN 3 JOURS<\/p><\/div>\n","protected":false},"featured_media":18339,"template":"","meta":[],"product_brand":[],"product_cat":[268],"product_tag":[],"class_list":{"0":"post-18331","1":"product","2":"type-product","3":"status-publish","4":"has-post-thumbnail","6":"product_cat-transat-de-jardin","8":"first","9":"instock","10":"sale","11":"taxable","12":"shipping-taxable","13":"purchasable","14":"product-type-simple"},"_links":{"self":[{"href":"https:\/\/homejardins.com\/index.php\/wp-json\/wp\/v2\/product\/18331","targetHints":{"allow":["GET"]}}],"collection":[{"href":"https:\/\/homejardins.com\/index.php\/wp-json\/wp\/v2\/product"}],"about":[{"href":"https:\/\/homejardins.com\/index.php\/wp-json\/wp\/v2\/types\/product"}],"version-history":[{"count":1,"href":"https:\/\/homejardins.com\/index.php\/wp-json\/wp\/v2\/product\/18331\/revisions"}],"predecessor-version":[{"id":18340,"href":"https:\/\/homejardins.com\/index.php\/wp-json\/wp\/v2\/product\/18331\/revisions\/18340"}],"wp:featuredmedia":[{"embeddable":true,"href":"https:\/\/homejardins.com\/index.php\/wp-json\/wp\/v2\/media\/18339"}],"wp:attachment":[{"href":"https:\/\/homejardins.com\/index.php\/wp-json\/wp\/v2\/media?parent=18331"}],"wp:term":[{"taxonomy":"product_brand","embeddable":true,"href":"https:\/\/homejardins.com\/index.php\/wp-json\/wp\/v2\/product_brand?post=18331"},{"taxonomy":"product_cat","embeddable":true,"href":"https:\/\/homejardins.com\/index.php\/wp-json\/wp\/v2\/product_cat?post=18331"},{"taxonomy":"product_tag","embeddable":true,"href":"https:\/\/homejardins.com\/index.php\/wp-json\/wp\/v2\/product_tag?post=18331"}],"curies":[{"name":"wp","href":"https:\/\/api.w.org\/{rel}","templated":true}]}}