{"id":18364,"date":"2025-06-29T13:11:21","date_gmt":"2025-06-29T11:11:21","guid":{"rendered":"https:\/\/homejardins.com\/?post_type=product&#038;p=18364"},"modified":"2025-06-29T13:11:21","modified_gmt":"2025-06-29T11:11:21","slug":"purple-leaf-parasol-deporte-pivotant-25-x-35-m-rectangulaire-parasol-de-jardin-exterieur-blanc-en-aluminium-incline-des-deux-cotes-et-rotation-a-360-toile-upf-50-kaki","status":"publish","type":"product","link":"https:\/\/homejardins.com\/index.php\/produit\/purple-leaf-parasol-deporte-pivotant-25-x-35-m-rectangulaire-parasol-de-jardin-exterieur-blanc-en-aluminium-incline-des-deux-cotes-et-rotation-a-360-toile-upf-50-kaki\/","title":{"rendered":"PURPLE LEAF Parasol D\u00e9port\u00e9 Pivotant 2,5 x 3,5 m Rectangulaire, Parasol De Jardin Ext\u00e9rieur Blanc en Aluminium, Inclin\u00e9 des deux c\u00f4t\u00e9s et Rotation \u00e0 360\u00b0, Toile UPF 50+, Kaki"},"content":{"rendered":"<ul class=\"a-unordered-list a-vertical a-spacing-mini\">\n<li class=\"a-spacing-mini\"><span class=\"a-list-item\">La toile de ce parasol est fabriqu\u00e9e \u00e0 partir d&rsquo;un tissu en polyester 240 g\/m\u00b2, sp\u00e9cialement con\u00e7u pour offrir une protection UV exceptionnelle avec un indice UPF 50+. Il est \u00e9galement tr\u00e8s r\u00e9sistant \u00e0 la d\u00e9coloration et tr\u00e8s durable, vous assurant ainsi une protection confortable<\/span><\/li>\n<li class=\"a-spacing-mini\"><span class=\"a-list-item\">Construction enti\u00e8rement en aluminium avec 8 baleines robustes, rend le parasol plus stable et r\u00e9sistant au vent. Renforc\u00e9 avec un support structurel triangulaire et recouvert de peinture antioxydante, le parasol a une r\u00e9sistance sup\u00e9rieure aux intemp\u00e9ries et une longue dur\u00e9e de vie<\/span><\/li>\n<li class=\"a-spacing-mini\"><span class=\"a-list-item\">Le parasol de terrasse dispose d&rsquo;une poign\u00e9e pivotante unique qui vous permet d&rsquo;incliner sans effort la toile \u00e0 gauche ou \u00e0 droite de 0 \u00e0 60\u00b0, pour s&rsquo;adapter \u00e0 la position changeante du soleil tout au long de la journ\u00e9e. Il offre un maximum d&rsquo;ombre \u00e0 diff\u00e9rents moments, am\u00e9liorant votre confort afin que vous puissiez profiter pleinement de votre temps \u00e0 l&rsquo;ext\u00e9rieur<\/span><\/li>\n<li class=\"a-spacing-mini\"><span class=\"a-list-item\">Le syst\u00e8me de manivelle du parasol permet de r\u00e9gler facilement la toile, 5 hauteurs et angles au choix, ce parasol offre \u00e9galement une fonction pratique de rotation horizontale \u00e0 360\u00b0, vous pouvez facilement faire pivoter le parapluie \u00e0 la position souhait\u00e9e en appuyant simplement sur la p\u00e9dale<\/span><\/li>\n<li class=\"a-spacing-mini\"><span class=\"a-list-item\">Base crois\u00e9e incluse, la base lest\u00e9e sur la photo n&rsquo;est PAS incluse. Veuillez fermer le parasol dans des conditions m\u00e9t\u00e9orologiques extr\u00eames pour \u00e9viter tout dommage<\/span><\/li>\n<\/ul>\n","protected":false},"excerpt":{"rendered":"<table class=\"a-normal a-spacing-micro\" style=\"height: 296px;\" width=\"537\">\n<tbody>\n<tr class=\"a-spacing-small po-brand\">\n<td class=\"a-span3\"><span class=\"a-size-base a-text-bold\">Marque<\/span><\/td>\n<td class=\"a-span9\"><span class=\"a-size-base po-break-word\">PURPLE LEAF<\/span><\/td>\n<\/tr>\n<tr class=\"a-spacing-small po-color\">\n<td class=\"a-span3\"><span class=\"a-size-base a-text-bold\">Couleur<\/span><\/td>\n<td class=\"a-span9\"><span class=\"a-size-base po-break-word\">Kaki<\/span><\/td>\n<\/tr>\n<tr class=\"a-spacing-small po-item_shape\">\n<td class=\"a-span3\"><span class=\"a-size-base a-text-bold\">Forme<\/span><\/td>\n<td class=\"a-span9\"><span class=\"a-size-base po-break-word\">Rectangulaire<\/span><\/td>\n<\/tr>\n<tr class=\"a-spacing-small po-shaft.material\">\n<td class=\"a-span3\"><span class=\"a-size-base a-text-bold\">Mat\u00e9riau de la tige<\/span><\/td>\n<td class=\"a-span9\"><span class=\"a-size-base po-break-word\">Aluminium<\/span><\/td>\n<\/tr>\n<tr class=\"a-spacing-small po-handle.material\">\n<td class=\"a-span3\"><span class=\"a-size-base a-text-bold\">Mat\u00e9riau de la poign\u00e9e<\/span><\/td>\n<td class=\"a-span9\"><span class=\"a-size-base po-break-word\">Aluminium<\/span><\/td>\n<\/tr>\n<tr class=\"a-spacing-small po-frame.material\">\n<td class=\"a-span3\"><span class=\"a-size-base a-text-bold\">Mat\u00e9riau du cadre<\/span><\/td>\n<td class=\"a-span9\"><span class=\"a-size-base po-break-word\">Aluminium<\/span><\/td>\n<\/tr>\n<tr class=\"a-spacing-small po-style\">\n<td class=\"a-span3\"><span class=\"a-size-base a-text-bold\">Style<\/span><\/td>\n<td class=\"a-span9\"><span class=\"a-size-base po-break-word\">Parasol<\/span><\/td>\n<\/tr>\n<tr class=\"a-spacing-small po-opening_mechanism\">\n<td class=\"a-span3\"><span class=\"a-size-base a-text-bold\">M\u00e9canisme d&rsquo;ouverture<\/span><\/td>\n<td class=\"a-span9\"><span class=\"a-size-base po-break-word\">Levage \u00e0 manivelle<\/span><\/td>\n<\/tr>\n<tr class=\"a-spacing-small po-item_weight\">\n<td class=\"a-span3\"><span class=\"a-size-base a-text-bold\">Poids de l&rsquo;article<\/span><\/td>\n<td class=\"a-span9\"><span class=\"a-size-base po-break-word\">29,8 Kilogrammes<\/span><\/td>\n<\/tr>\n<tr class=\"a-spacing-small po-size\">\n<td class=\"a-span3\"><span class=\"a-size-base a-text-bold\">Taille<\/span><\/td>\n<td class=\"a-span9\"><span class=\"a-size-base po-break-word\">2,5 X 3,5 m Pivotant<\/span><\/td>\n<\/tr>\n<\/tbody>\n<\/table>\n<p>&nbsp;<\/p>\n<p>\u2705 RETOUR\u00a0 FACILE EN\u00a0 30 JOURS<br \/>\n\u2705 2 ANS DE GARANTIE<br \/>\n\u2705 LIVRAISON GRATUITE\u00a0 EN 3 JOURS<\/p>\n<p>&nbsp;<\/p>\n","protected":false},"featured_media":18365,"template":"","meta":[],"product_brand":[],"product_cat":[265],"product_tag":[],"class_list":{"0":"post-18364","1":"product","2":"type-product","3":"status-publish","4":"has-post-thumbnail","6":"product_cat-parasols","8":"first","9":"instock","10":"sale","11":"taxable","12":"shipping-taxable","13":"purchasable","14":"product-type-simple"},"_links":{"self":[{"href":"https:\/\/homejardins.com\/index.php\/wp-json\/wp\/v2\/product\/18364","targetHints":{"allow":["GET"]}}],"collection":[{"href":"https:\/\/homejardins.com\/index.php\/wp-json\/wp\/v2\/product"}],"about":[{"href":"https:\/\/homejardins.com\/index.php\/wp-json\/wp\/v2\/types\/product"}],"version-history":[{"count":2,"href":"https:\/\/homejardins.com\/index.php\/wp-json\/wp\/v2\/product\/18364\/revisions"}],"predecessor-version":[{"id":18375,"href":"https:\/\/homejardins.com\/index.php\/wp-json\/wp\/v2\/product\/18364\/revisions\/18375"}],"wp:featuredmedia":[{"embeddable":true,"href":"https:\/\/homejardins.com\/index.php\/wp-json\/wp\/v2\/media\/18365"}],"wp:attachment":[{"href":"https:\/\/homejardins.com\/index.php\/wp-json\/wp\/v2\/media?parent=18364"}],"wp:term":[{"taxonomy":"product_brand","embeddable":true,"href":"https:\/\/homejardins.com\/index.php\/wp-json\/wp\/v2\/product_brand?post=18364"},{"taxonomy":"product_cat","embeddable":true,"href":"https:\/\/homejardins.com\/index.php\/wp-json\/wp\/v2\/product_cat?post=18364"},{"taxonomy":"product_tag","embeddable":true,"href":"https:\/\/homejardins.com\/index.php\/wp-json\/wp\/v2\/product_tag?post=18364"}],"curies":[{"name":"wp","href":"https:\/\/api.w.org\/{rel}","templated":true}]}}